{"id":1017,"date":"2019-09-08T21:23:40","date_gmt":"2019-09-08T21:23:40","guid":{"rendered":"https:\/\/www.revival.es\/?page_id=1017"},"modified":"2021-05-26T16:45:40","modified_gmt":"2021-05-26T16:45:40","slug":"dienstleistungen-fuer-haeuser-und-villen","status":"publish","type":"page","link":"https:\/\/www.revival.es\/de\/dienstleistungen\/dienstleistungen-fuer-haeuser-und-villen\/","title":{"rendered":"H\u00e4user und Villen"},"content":{"rendered":"<div class=\"wpb-content-wrapper\"><p>[vc_row css_animation=&#8220;&#8220; row_type=&#8220;row&#8220; use_row_as_full_screen_section=&#8220;no&#8220; type=&#8220;grid&#8220; angled_section=&#8220;no&#8220; text_align=&#8220;left&#8220; background_image_as_pattern=&#8220;without_pattern&#8220; z_index=&#8220;&#8220; css=&#8220;.vc_custom_1555169029150{padding-bottom: 40px !important;background-color: #fafafa !important;}&#8220;][vc_column][vc_empty_space height=&#8220;40px&#8220;][vc_column_text]<\/p>\n<h4>Seit 1996 widmen wir uns der Innenausstattung von H\u00e4usern und haben uns dabei auf Einrichtung von Wohnr\u00e4umen auf Mallorca spezialisiert. Wir versch\u00f6nern die R\u00e4ume nach aktuellen Trends und machen sie zu einzigartigen und ganz besonderen Orten.<\/h4>\n<p>[\/vc_column_text][vc_empty_space height=&#8220;20px&#8220;][vc_column_text]<\/p>\n<h6>Wir arbeiten bei jedem Schritt mit Ihnen so eng zusammen, wie Sie es sich vorgestellt haben, so dass Sie immer wissen, dass Ihr Projekt auf dem richtigen Weg ist. Wir sehen unsere Rolle darin, zu verstehen, was you\u00b4re sucht, festzustellen, dass es machbar ist, und dann Ihre Vision so elegant, praktisch und kosteng\u00fcnstig wie m\u00f6glich zu verwirklichen.<\/h6>\n<p>[\/vc_column_text][vc_empty_space height=&#8220;65px&#8220;][vc_row_inner row_type=&#8220;row&#8220; type=&#8220;full_width&#8220; text_align=&#8220;left&#8220; css_animation=&#8220;&#8220;][vc_column_inner width=&#8220;1\/3&#8243;]<div class=\"qode-info-card\">\n\t\t\t<div class=\"qode-info-card-image\" style=\"background-color:#fff\">\n\t\t\t<img decoding=\"async\" src=\"https:\/\/www.revival.es\/wp-content\/uploads\/2020\/09\/revival-mallorca-homes-upholstery.jpg\" alt=\"\" \/>\n\t\t<\/div>\n\t\t<div class=\"qode-info-card-text-holder\" style=\"background-color:#fff\">\n\t\t\t\t\t<h4 class=\"qode-info-card-title\" >\n\t\t\t\tPolsterung\t\t\t<\/h4>\n\t\t\t\t\t\t\t<p class=\"qode-info-card-text\" >\n\t\t\t\tWir entwerfen Textilien f\u00fcr Wohnr\u00e4ume und verwenden daf\u00fcr hochwertige Stoffe, sowohl f\u00fcr innen als auch f\u00fcr au\u00dfen. Zu unseren Leistungen geh\u00f6ren die Herstellung, Reparatur, Pflege und der Neubezug von Wohnm\u00f6beln.\t\t\t<\/p>\n\t\t\t<\/div>\n\t<\/div>[vc_empty_space][\/vc_column_inner][vc_column_inner width=&#8220;1\/3&#8243;]<div class=\"qode-info-card\">\n\t\t\t<div class=\"qode-info-card-image\" style=\"background-color:#fff\">\n\t\t\t<img decoding=\"async\" src=\"https:\/\/www.revival.es\/wp-content\/uploads\/2019\/04\/revival-mallorca-villas-awning.jpg\" alt=\"\" \/>\n\t\t<\/div>\n\t\t<div class=\"qode-info-card-text-holder\" style=\"background-color:#fff\">\n\t\t\t\t\t<h4 class=\"qode-info-card-title\" >\n\t\t\t\tBez\u00fcge Und Sonnensegel\t\t\t<\/h4>\n\t\t\t\t\t\t\t<p class=\"qode-info-card-text\" >\n\t\t\t\tBez\u00fcge, hergestellt aus speziellen Materialien zum Schutz der Outdoor-M\u00f6bel vor Sonnenstrahlen und Feuchtigkeit Dabei unterscheiden wir uns von unserer Konkurrenz durch die Qualit\u00e4t unserer Sonnensegel, Sonnenschirme und Schutzbez\u00fcge.\t\t\t<\/p>\n\t\t\t<\/div>\n\t<\/div>[vc_empty_space][\/vc_column_inner][vc_column_inner width=&#8220;1\/3&#8243;]<div class=\"qode-info-card\">\n\t\t\t<div class=\"qode-info-card-image\" style=\"background-color:#fff\">\n\t\t\t<img decoding=\"async\" src=\"https:\/\/www.revival.es\/wp-content\/uploads\/2020\/10\/revival-mallorca-villas-carpets-2020.jpg\" alt=\"\" \/>\n\t\t<\/div>\n\t\t<div class=\"qode-info-card-text-holder\" style=\"background-color:#fff\">\n\t\t\t\t\t<h4 class=\"qode-info-card-title\" >\n\t\t\t\tTeppichbel\u00e4ge\t\t\t<\/h4>\n\t\t\t\t\t\t\t<p class=\"qode-info-card-text\" >\n\t\t\t\tWir ma\u00dfschneidern Teppiche und Bodenbel\u00e4ge f\u00fcr Wohnh\u00e4user zum Schutz und zur qualitativen Aufwertung der Wohnr\u00e4ume. Dabei reicht unser Angebot von modularen Teppichen \u00fcber Bodenmatten bis hin zu rutschfesten Stufenmatten.\t\t\t<\/p>\n\t\t\t<\/div>\n\t<\/div>[vc_empty_space][\/vc_column_inner][\/vc_row_inner][vc_row_inner row_type=&#8220;row&#8220; type=&#8220;full_width&#8220; text_align=&#8220;left&#8220; css_animation=&#8220;&#8220; css=&#8220;.vc_custom_1555168887344{padding-top: 30px !important;}&#8220;][vc_column_inner width=&#8220;1\/3&#8243;]<div class=\"qode-info-card\">\n\t\t\t<div class=\"qode-info-card-image\" style=\"background-color:#fff\">\n\t\t\t<img decoding=\"async\" src=\"https:\/\/www.revival.es\/wp-content\/uploads\/2020\/10\/revival-mallorca-villas-decoration-2020.jpg\" alt=\"\" \/>\n\t\t<\/div>\n\t\t<div class=\"qode-info-card-text-holder\" style=\"background-color:#fff\">\n\t\t\t\t\t<h4 class=\"qode-info-card-title\" >\n\t\t\t\tTextile Ausstattung\t\t\t<\/h4>\n\t\t\t\t\t\t\t<p class=\"qode-info-card-text\" >\n\t\t\t\tWir verwenden die besten Materialien zur Herstellung hochwertiger Wohntextilien, wobei wir beim Fertigungsprozess jedem noch so kleinen Detail Beachtung schenken. Gardinen, Stores, T\u00fccher, Bettw\u00e4sche, Kissen, Handt\u00fccher, Stickereien.\t\t\t<\/p>\n\t\t\t<\/div>\n\t<\/div>[vc_empty_space][\/vc_column_inner][vc_column_inner width=&#8220;1\/3&#8243;]<div class=\"qode-info-card\">\n\t\t\t<div class=\"qode-info-card-image\" style=\"background-color:#fff\">\n\t\t\t<img decoding=\"async\" src=\"https:\/\/www.revival.es\/wp-content\/uploads\/2019\/04\/revival-mallorca-villas-design.jpg\" alt=\"\" \/>\n\t\t<\/div>\n\t\t<div class=\"qode-info-card-text-holder\" style=\"background-color:#fff\">\n\t\t\t\t\t<h4 class=\"qode-info-card-title\" >\n\t\t\t\tDesign\t\t\t<\/h4>\n\t\t\t\t\t\t\t<p class=\"qode-info-card-text\" >\n\t\t\t\tWir \u00fcbernehmen auch die Innenraumgestaltung von H\u00e4usern. Wir sind Experten f\u00fcr Innen- und Au\u00dfendesign. Farbstudien, Beleuchtung, Anordnung, Musterbeispiele, etc. Wir schaffen ganz individuelle R\u00e4ume.\t\t\t<\/p>\n\t\t\t<\/div>\n\t<\/div>[vc_empty_space][\/vc_column_inner][\/vc_row_inner][\/vc_column][\/vc_row]<\/p>\n<\/div>","protected":false},"excerpt":{"rendered":"<p>[vc_row css_animation=&#8220;&#8220; row_type=&#8220;row&#8220; use_row_as_full_screen_section=&#8220;no&#8220; type=&#8220;grid&#8220; angled_section=&#8220;no&#8220; text_align=&#8220;left&#8220; background_image_as_pattern=&#8220;without_pattern&#8220; z_index=&#8220;&#8220; css=&#8220;.vc_custom_1555169029150{padding-bottom: 40px !important;background-color: #fafafa !important;}&#8220;][vc_column][vc_empty_space height=&#8220;40px&#8220;][vc_column_text] Seit 1996 widmen wir uns der Innenausstattung von H\u00e4usern und haben uns dabei auf Einrichtung von Wohnr\u00e4umen auf Mallorca spezialisiert. Wir versch\u00f6nern die R\u00e4ume nach aktuellen Trends und machen sie zu einzigartigen und ganz besonderen Orten. [\/vc_column_text][vc_empty_space height=&#8220;20px&#8220;][vc_column_text] Wir arbeiten bei jedem Schritt mit Ihnen so eng zusammen, wie Sie es sich vorgestellt haben, so dass Sie immer wissen, dass Ihr Projekt auf dem richtigen Weg ist. Wir sehen unsere Rolle darin, zu verstehen, was you\u00b4re sucht, festzustellen, dass es machbar ist, und dann Ihre Vision so elegant, praktisch und kosteng\u00fcnstig wie m\u00f6glich zu verwirklichen. [\/vc_column_text][vc_empty_space height=&#8220;65px&#8220;][vc_row_inner row_type=&#8220;row&#8220; type=&#8220;full_width&#8220; text_align=&#8220;left&#8220; css_animation=&#8220;&#8220;][vc_column_inner width=&#8220;1\/3&#8243;][vc_empty_space][\/vc_column_inner][vc_column_inner width=&#8220;1\/3&#8243;][vc_empty_space][\/vc_column_inner][vc_column_inner width=&#8220;1\/3&#8243;][vc_empty_space][\/vc_column_inner][\/vc_row_inner][vc_row_inner row_type=&#8220;row&#8220; type=&#8220;full_width&#8220; text_align=&#8220;left&#8220; css_animation=&#8220;&#8220; css=&#8220;.vc_custom_1555168887344{padding-top: 30px !important;}&#8220;][vc_column_inner width=&#8220;1\/3&#8243;][vc_empty_space][\/vc_column_inner][vc_column_inner width=&#8220;1\/3&#8243;][vc_empty_space][\/vc_column_inner][\/vc_row_inner][\/vc_column][\/vc_row]<\/p>\n","protected":false},"author":1,"featured_media":0,"parent":991,"menu_order":12,"comment_status":"closed","ping_status":"closed","template":"full_width.php","meta":{"_joinchat":[],"footnotes":""},"yst_prominent_words":[250,401,335,332,403,251,341],"class_list":["post-1017","page","type-page","status-publish","hentry"],"_links":{"self":[{"href":"https:\/\/www.revival.es\/de\/wp-json\/wp\/v2\/pages\/1017","targetHints":{"allow":["GET"]}}],"collection":[{"href":"https:\/\/www.revival.es\/de\/wp-json\/wp\/v2\/pages"}],"about":[{"href":"https:\/\/www.revival.es\/de\/wp-json\/wp\/v2\/types\/page"}],"author":[{"embeddable":true,"href":"https:\/\/www.revival.es\/de\/wp-json\/wp\/v2\/users\/1"}],"replies":[{"embeddable":true,"href":"https:\/\/www.revival.es\/de\/wp-json\/wp\/v2\/comments?post=1017"}],"version-history":[{"count":0,"href":"https:\/\/www.revival.es\/de\/wp-json\/wp\/v2\/pages\/1017\/revisions"}],"up":[{"embeddable":true,"href":"https:\/\/www.revival.es\/de\/wp-json\/wp\/v2\/pages\/991"}],"wp:attachment":[{"href":"https:\/\/www.revival.es\/de\/wp-json\/wp\/v2\/media?parent=1017"}],"wp:term":[{"taxonomy":"yst_prominent_words","embeddable":true,"href":"https:\/\/www.revival.es\/de\/wp-json\/wp\/v2\/yst_prominent_words?post=1017"}],"curies":[{"name":"wp","href":"https:\/\/api.w.org\/{rel}","templated":true}]}}