{"id":1033,"date":"2019-09-08T21:33:33","date_gmt":"2019-09-08T21:33:33","guid":{"rendered":"https:\/\/www.revival.es\/?page_id=1033"},"modified":"2024-08-09T10:13:26","modified_gmt":"2024-08-09T10:13:26","slug":"dienstleistungen-fuer-superyachten","status":"publish","type":"page","link":"https:\/\/www.revival.es\/de\/dienstleistungen\/dienstleistungen-fuer-superyachten\/","title":{"rendered":"Dienstleistungen f\u00fcr Superyachten"},"content":{"rendered":"<div class=\"wpb-content-wrapper\"><p>[vc_row css_animation=&#8220;&#8220; row_type=&#8220;row&#8220; use_row_as_full_screen_section=&#8220;no&#8220; type=&#8220;grid&#8220; angled_section=&#8220;no&#8220; text_align=&#8220;left&#8220; background_image_as_pattern=&#8220;without_pattern&#8220; z_index=&#8220;&#8220; css=&#8220;.vc_custom_1555169029150{padding-bottom: 40px !important;background-color: #fafafa !important;}&#8220;][vc_column][vc_empty_space height=&#8220;40px&#8220;][vc_column_text]<\/p>\n<h4>Mit unserer Erfahrung seit 1996 sind wir das f\u00fchrende Unternehmen f\u00fcr die Innenausstattung von Superyachten auf Mallorca und z\u00e4hlen auch weltweit zu den wichtigsten Anbietern. Zahlreiche Besitzer prestigereicher Schiffe vertrauen auf unsere Arbeit.<\/h4>\n<p>[\/vc_column_text][vc_empty_space height=&#8220;65px&#8220;][vc_row_inner row_type=&#8220;row&#8220; type=&#8220;full_width&#8220; text_align=&#8220;left&#8220; css_animation=&#8220;&#8220;][vc_column_inner width=&#8220;1\/3&#8243;]<div class=\"qode-info-card\">\n\t\t\t<div class=\"qode-info-card-image\" style=\"background-color:#fff\">\n\t\t\t<img decoding=\"async\" src=\"https:\/\/www.revival.es\/wp-content\/uploads\/2019\/04\/revival-superyachts-upholstery.jpg\" alt=\"\" \/>\n\t\t<\/div>\n\t\t<div class=\"qode-info-card-text-holder\" style=\"background-color:#fff\">\n\t\t\t\t\t<h4 class=\"qode-info-card-title\" >\n\t\t\t\tPolsterung\t\t\t<\/h4>\n\t\t\t\t\t\t\t<p class=\"qode-info-card-text\" >\n\t\t\t\tF\u00fcr die Polsterung von Superyachten auf Mallorca verwenden wir nur die besten Materialien, so wie es unseren Kunden geb\u00fchrt. Wir bieten h\u00f6chste Qualit\u00e4t bei unseren Polsterungen f\u00fcr Innen- und Au\u00dfenbereiche, mit eleganten und raffinierten Veredelungen.\t\t\t<\/p>\n\t\t\t<\/div>\n\t<\/div>[vc_empty_space][\/vc_column_inner][vc_column_inner width=&#8220;1\/3&#8243;]<div class=\"qode-info-card\">\n\t\t\t<div class=\"qode-info-card-image\" style=\"background-color:#fff\">\n\t\t\t<img decoding=\"async\" src=\"https:\/\/www.revival.es\/wp-content\/uploads\/2019\/04\/revival-superyachts-covers-and-awnings.jpg\" alt=\"\" \/>\n\t\t<\/div>\n\t\t<div class=\"qode-info-card-text-holder\" style=\"background-color:#fff\">\n\t\t\t\t\t<h4 class=\"qode-info-card-title\" >\n\t\t\t\tBez\u00fcge Und Sonnensegel\t\t\t<\/h4>\n\t\t\t\t\t\t\t<p class=\"qode-info-card-text\" >\n\t\t\t\tWir bieten Bez\u00fcge, Sonnensegel, Bimini-Tops, etc. zum Schutz der Yachten vor Sonne und Salzwasser. Unsere Qualit\u00e4tsstoffe halten den unterschiedlichen Klimabedingungen stand und sind \u00e4u\u00dferst robust.\t\t\t<\/p>\n\t\t\t<\/div>\n\t<\/div>[vc_empty_space][\/vc_column_inner][vc_column_inner width=&#8220;1\/3&#8243;]<div class=\"qode-info-card\">\n\t\t\t<div class=\"qode-info-card-image\" style=\"background-color:#fff\">\n\t\t\t<img decoding=\"async\" src=\"https:\/\/www.revival.es\/wp-content\/uploads\/2019\/04\/revival-superyachts-carpets.jpg\" alt=\"\" \/>\n\t\t<\/div>\n\t\t<div class=\"qode-info-card-text-holder\" style=\"background-color:#fff\">\n\t\t\t\t\t<h4 class=\"qode-info-card-title\" >\n\t\t\t\tTeppichbel\u00e4ge\t\t\t<\/h4>\n\t\t\t\t\t\t\t<p class=\"qode-info-card-text\" >\n\t\t\t\tWir fertigen Teppiche und Bodenbel\u00e4ge f\u00fcr Superyachten an, die Komfort und Qualit\u00e4t auch f\u00fcr die anspruchsvollsten Kunden bieten. Unsere Produkte sind \u00e4u\u00dferst langlebig und kommen in den edelsten Luxusprojekten zum Einsatz.\t\t\t<\/p>\n\t\t\t<\/div>\n\t<\/div>[vc_empty_space][\/vc_column_inner][\/vc_row_inner][vc_row_inner row_type=&#8220;row&#8220; type=&#8220;full_width&#8220; text_align=&#8220;left&#8220; css_animation=&#8220;&#8220; css=&#8220;.vc_custom_1555168887344{padding-top: 30px !important;}&#8220;][vc_column_inner width=&#8220;1\/3&#8243;]<div class=\"qode-info-card\">\n\t\t\t<div class=\"qode-info-card-image\" style=\"background-color:#fff\">\n\t\t\t<img decoding=\"async\" src=\"https:\/\/www.revival.es\/wp-content\/uploads\/2019\/04\/revival-superyachts-textile.jpg\" alt=\"\" \/>\n\t\t<\/div>\n\t\t<div class=\"qode-info-card-text-holder\" style=\"background-color:#fff\">\n\t\t\t\t\t<h4 class=\"qode-info-card-title\" >\n\t\t\t\tTextile Ausstattung\t\t\t<\/h4>\n\t\t\t\t\t\t\t<p class=\"qode-info-card-text\" >\n\t\t\t\tWir haben uns auf hochwertige, luxuri\u00f6se Textilausstattung spezialisiert. Unsere ma\u00dfgeschneiderten Textilien unter Verwendung unterschiedlicher Stilrichtungen, Texturen und Stoffe machen aus jedem Raum etwas Besonderes und schaffen ein Ambiente voller Harmonie und Balance auf hoher See.\t\t\t<\/p>\n\t\t\t<\/div>\n\t<\/div>[vc_empty_space][\/vc_column_inner][vc_column_inner width=&#8220;1\/3&#8243;]<div class=\"qode-info-card\">\n\t\t\t<div class=\"qode-info-card-image\" style=\"background-color:#fff\">\n\t\t\t<img decoding=\"async\" src=\"https:\/\/www.revival.es\/wp-content\/uploads\/2019\/04\/revival-superyachts-design.jpg\" alt=\"\" \/>\n\t\t<\/div>\n\t\t<div class=\"qode-info-card-text-holder\" style=\"background-color:#fff\">\n\t\t\t\t\t<h4 class=\"qode-info-card-title\" >\n\t\t\t\tDesign\t\t\t<\/h4>\n\t\t\t\t\t\t\t<p class=\"qode-info-card-text\" >\n\t\t\t\tWir entwerfen individuelle Innen- und Au\u00dfenausstattungen f\u00fcr Superyachten. Dabei achten wir auf jedes noch so kleine Detail bei der Einrichtung und farblichen Abstimmung, um unseren Kunden das beste Projektmanagement f\u00fcr das Design ihrer Yacht anbieten zu k\u00f6nnen.\t\t\t<\/p>\n\t\t\t<\/div>\n\t<\/div>[vc_empty_space][\/vc_column_inner][\/vc_row_inner][\/vc_column][\/vc_row]<\/p>\n<\/div>","protected":false},"excerpt":{"rendered":"<p>[vc_row css_animation=&#8220;&#8220; row_type=&#8220;row&#8220; use_row_as_full_screen_section=&#8220;no&#8220; type=&#8220;grid&#8220; angled_section=&#8220;no&#8220; text_align=&#8220;left&#8220; background_image_as_pattern=&#8220;without_pattern&#8220; z_index=&#8220;&#8220; css=&#8220;.vc_custom_1555169029150{padding-bottom: 40px !important;background-color: #fafafa !important;}&#8220;][vc_column][vc_empty_space height=&#8220;40px&#8220;][vc_column_text] Mit unserer Erfahrung seit 1996 sind wir das f\u00fchrende Unternehmen f\u00fcr die Innenausstattung von Superyachten auf Mallorca und z\u00e4hlen auch weltweit zu den wichtigsten Anbietern. Zahlreiche Besitzer prestigereicher Schiffe vertrauen auf unsere Arbeit. [\/vc_column_text][vc_empty_space height=&#8220;65px&#8220;][vc_row_inner row_type=&#8220;row&#8220; type=&#8220;full_width&#8220; text_align=&#8220;left&#8220; css_animation=&#8220;&#8220;][vc_column_inner width=&#8220;1\/3&#8243;][vc_empty_space][\/vc_column_inner][vc_column_inner width=&#8220;1\/3&#8243;][vc_empty_space][\/vc_column_inner][vc_column_inner width=&#8220;1\/3&#8243;][vc_empty_space][\/vc_column_inner][\/vc_row_inner][vc_row_inner row_type=&#8220;row&#8220; type=&#8220;full_width&#8220; text_align=&#8220;left&#8220; css_animation=&#8220;&#8220; css=&#8220;.vc_custom_1555168887344{padding-top: 30px !important;}&#8220;][vc_column_inner width=&#8220;1\/3&#8243;][vc_empty_space][\/vc_column_inner][vc_column_inner width=&#8220;1\/3&#8243;][vc_empty_space][\/vc_column_inner][\/vc_row_inner][\/vc_column][\/vc_row]<\/p>\n","protected":false},"author":1,"featured_media":0,"parent":991,"menu_order":9,"comment_status":"closed","ping_status":"closed","template":"full_width.php","meta":{"_joinchat":[],"footnotes":""},"yst_prominent_words":[250,328,393,249],"class_list":["post-1033","page","type-page","status-publish","hentry"],"_links":{"self":[{"href":"https:\/\/www.revival.es\/de\/wp-json\/wp\/v2\/pages\/1033","targetHints":{"allow":["GET"]}}],"collection":[{"href":"https:\/\/www.revival.es\/de\/wp-json\/wp\/v2\/pages"}],"about":[{"href":"https:\/\/www.revival.es\/de\/wp-json\/wp\/v2\/types\/page"}],"author":[{"embeddable":true,"href":"https:\/\/www.revival.es\/de\/wp-json\/wp\/v2\/users\/1"}],"replies":[{"embeddable":true,"href":"https:\/\/www.revival.es\/de\/wp-json\/wp\/v2\/comments?post=1033"}],"version-history":[{"count":1,"href":"https:\/\/www.revival.es\/de\/wp-json\/wp\/v2\/pages\/1033\/revisions"}],"predecessor-version":[{"id":2036,"href":"https:\/\/www.revival.es\/de\/wp-json\/wp\/v2\/pages\/1033\/revisions\/2036"}],"up":[{"embeddable":true,"href":"https:\/\/www.revival.es\/de\/wp-json\/wp\/v2\/pages\/991"}],"wp:attachment":[{"href":"https:\/\/www.revival.es\/de\/wp-json\/wp\/v2\/media?parent=1033"}],"wp:term":[{"taxonomy":"yst_prominent_words","embeddable":true,"href":"https:\/\/www.revival.es\/de\/wp-json\/wp\/v2\/yst_prominent_words?post=1033"}],"curies":[{"name":"wp","href":"https:\/\/api.w.org\/{rel}","templated":true}]}}