{"id":1045,"date":"2019-09-08T21:49:12","date_gmt":"2019-09-08T21:49:12","guid":{"rendered":"https:\/\/www.revival.es\/?page_id=1045"},"modified":"2026-03-18T11:45:02","modified_gmt":"2026-03-18T11:45:02","slug":"dienstleistungen-fuer-yachten-und-motorboote","status":"publish","type":"page","link":"https:\/\/www.revival.es\/de\/dienstleistungen\/dienstleistungen-fuer-yachten-und-motorboote\/","title":{"rendered":"Dienstleistungen f\u00fcr Yachten und Motorboote"},"content":{"rendered":"<div class=\"wpb-content-wrapper\"><p>[vc_row css_animation=&#8220;&#8220; row_type=&#8220;row&#8220; use_row_as_full_screen_section=&#8220;no&#8220; type=&#8220;grid&#8220; angled_section=&#8220;no&#8220; text_align=&#8220;left&#8220; background_image_as_pattern=&#8220;without_pattern&#8220; z_index=&#8220;&#8220; css=&#8220;.vc_custom_1555169029150{padding-bottom: 40px !important;background-color: #fafafa !important;}&#8220;][vc_column][vc_empty_space height=&#8220;40px&#8220;][vc_column_text]<\/p>\n<h4>Seit 1996 widmet sich Revival dem Projektmanagement f\u00fcr das Innen- und Au\u00dfendesign von Motorbooten und Yachten. Kommen Sie doch einfach einmal vorbei und schauen sich unsere Spezialangebote im Bereich Polsterung und Textilausstattung f\u00fcr den Wassersport an.<\/h4>\n<p>[\/vc_column_text][vc_empty_space height=&#8220;65px&#8220;][vc_row_inner row_type=&#8220;row&#8220; type=&#8220;full_width&#8220; text_align=&#8220;left&#8220; css_animation=&#8220;&#8220;][vc_column_inner width=&#8220;1\/3&#8243;]<div class=\"qode-info-card\">\n\t\t\t<div class=\"qode-info-card-image\" style=\"background-color:#fff\">\n\t\t\t<img decoding=\"async\" src=\"https:\/\/www.revival.es\/wp-content\/uploads\/2026\/03\/2-2.png\" alt=\"\" \/>\n\t\t<\/div>\n\t\t<div class=\"qode-info-card-text-holder\" style=\"background-color:#fff\">\n\t\t\t\t\t<h4 class=\"qode-info-card-title\" >\n\t\t\t\tPolsterung\t\t\t<\/h4>\n\t\t\t\t\t\t\t<p class=\"qode-info-card-text\" >\n\t\t\t\tWir \u00fcbernehmen Polsterarbeiten f\u00fcr Yachten und Motorboote. Dabei arbeiten wir mit den besten Herstellern zusammen und bieten bew\u00e4hrte und langlebige Produkte f\u00fcr Motor- und Segelboote.\t\t\t<\/p>\n\t\t\t<\/div>\n\t<\/div>[vc_empty_space][\/vc_column_inner][vc_column_inner width=&#8220;1\/3&#8243;]<div class=\"qode-info-card\">\n\t\t\t<div class=\"qode-info-card-image\" style=\"background-color:#fff\">\n\t\t\t<img decoding=\"async\" src=\"https:\/\/www.revival.es\/wp-content\/uploads\/2026\/03\/4-2.png\" alt=\"\" \/>\n\t\t<\/div>\n\t\t<div class=\"qode-info-card-text-holder\" style=\"background-color:#fff\">\n\t\t\t\t\t<h4 class=\"qode-info-card-title\" >\n\t\t\t\tBez\u00fcge Und Sonnensegel\t\t\t<\/h4>\n\t\t\t\t\t\t\t<p class=\"qode-info-card-text\" >\n\t\t\t\tWir fertigen Bez\u00fcge und Sonnensegel nach Ma\u00df f\u00fcr Yachten und Motorboote, die ganz auf Ihre individuellen W\u00fcnsche zugeschnitten sind. Schutzbez\u00fcge, Abdeckplanen, Bimini-Tops, u.a. Dabei verwenden wir immer robuste Produkte, um unseren Kunden die beste Qualit\u00e4t anbieten zu k\u00f6nnen.\t\t\t<\/p>\n\t\t\t<\/div>\n\t<\/div>[vc_empty_space][\/vc_column_inner][vc_column_inner width=&#8220;1\/3&#8243;]<div class=\"qode-info-card\">\n\t\t\t<div class=\"qode-info-card-image\" style=\"background-color:#fff\">\n\t\t\t<img decoding=\"async\" src=\"https:\/\/www.revival.es\/wp-content\/uploads\/2026\/03\/3-2.png\" alt=\"\" \/>\n\t\t<\/div>\n\t\t<div class=\"qode-info-card-text-holder\" style=\"background-color:#fff\">\n\t\t\t\t\t<h4 class=\"qode-info-card-title\" >\n\t\t\t\tBodenbel\u00e4ge\t\t\t<\/h4>\n\t\t\t\t\t\t\t<p class=\"qode-info-card-text\" >\n\t\t\t\tBodenbel\u00e4ge f\u00fcr Boote und Schiffe. Aus hochwertigen Materialien hergestellte Teppiche und Bodenbel\u00e4ge f\u00fcr Boote und Schiffe, sowohl f\u00fcr die Innen- als auch die Au\u00dfenbereiche; widerstandsf\u00e4hig gegen Salz- und S\u00fc\u00dfwasser sowie feuchtigkeitsresistent. Rutschfeste Stufenmatten.\t\t\t<\/p>\n\t\t\t<\/div>\n\t<\/div>[vc_empty_space][\/vc_column_inner][\/vc_row_inner][vc_row_inner row_type=&#8220;row&#8220; type=&#8220;full_width&#8220; text_align=&#8220;left&#8220; css_animation=&#8220;&#8220; css=&#8220;.vc_custom_1555168887344{padding-top: 30px !important;}&#8220;][vc_column_inner width=&#8220;1\/3&#8243;]<div class=\"qode-info-card\">\n\t\t\t<div class=\"qode-info-card-image\" style=\"background-color:#fff\">\n\t\t\t<img decoding=\"async\" src=\"https:\/\/www.revival.es\/wp-content\/uploads\/2026\/03\/5-2.png\" alt=\"\" \/>\n\t\t<\/div>\n\t\t<div class=\"qode-info-card-text-holder\" style=\"background-color:#fff\">\n\t\t\t\t\t<h4 class=\"qode-info-card-title\" >\n\t\t\t\tTextile Ausstattung\t\t\t<\/h4>\n\t\t\t\t\t\t\t<p class=\"qode-info-card-text\" >\n\t\t\t\tHandt\u00fccher, Bettw\u00e4sche, Kissen, Vorh\u00e4nge, Stores. Unsere ma\u00dfgeschneiderten Textilien sorgen f\u00fcr das gewisse Etwas in jedem Raum. Sie liefern Farbtupfer f\u00fcr die Einrichtung von Yachten, Segel- und Motorbooten.\t\t\t<\/p>\n\t\t\t<\/div>\n\t<\/div>[vc_empty_space][\/vc_column_inner][vc_column_inner width=&#8220;1\/3&#8243;]<div class=\"qode-info-card\">\n\t\t\t<div class=\"qode-info-card-image\" style=\"background-color:#fff\">\n\t\t\t<img decoding=\"async\" src=\"https:\/\/www.revival.es\/wp-content\/uploads\/2026\/03\/1-2.png\" alt=\"\" \/>\n\t\t<\/div>\n\t\t<div class=\"qode-info-card-text-holder\" style=\"background-color:#fff\">\n\t\t\t\t\t<h4 class=\"qode-info-card-title\" >\n\t\t\t\tDesign\t\t\t<\/h4>\n\t\t\t\t\t\t\t<p class=\"qode-info-card-text\" >\n\t\t\t\tWir leiten Designprojekte, erstellen Grafiken (Rendering) und Farbkoordinationen. Mithilfe unserer Muster k\u00f6nnen Sie mit einem Blick genau sehen, was ge\u00e4ndert werden soll. Dar\u00fcber hinaus entwerfen wir auch ma\u00dfgeschneiderte M\u00f6bel f\u00fcr jeden Bereich, innen oder au\u00dfen.\t\t\t<\/p>\n\t\t\t<\/div>\n\t<\/div>[vc_empty_space][\/vc_column_inner][\/vc_row_inner][\/vc_column][\/vc_row]<\/p>\n<\/div>","protected":false},"excerpt":{"rendered":"<p>[vc_row css_animation=&#8220;&#8220; row_type=&#8220;row&#8220; use_row_as_full_screen_section=&#8220;no&#8220; type=&#8220;grid&#8220; angled_section=&#8220;no&#8220; text_align=&#8220;left&#8220; background_image_as_pattern=&#8220;without_pattern&#8220; z_index=&#8220;&#8220; css=&#8220;.vc_custom_1555169029150{padding-bottom: 40px !important;background-color: #fafafa !important;}&#8220;][vc_column][vc_empty_space height=&#8220;40px&#8220;][vc_column_text] Seit 1996 widmet sich Revival dem Projektmanagement f\u00fcr das Innen- und Au\u00dfendesign von Motorbooten und Yachten. Kommen Sie doch einfach einmal vorbei und schauen sich unsere Spezialangebote im Bereich Polsterung und Textilausstattung f\u00fcr den Wassersport an. [\/vc_column_text][vc_empty_space height=&#8220;65px&#8220;][vc_row_inner row_type=&#8220;row&#8220; type=&#8220;full_width&#8220; text_align=&#8220;left&#8220; css_animation=&#8220;&#8220;][vc_column_inner width=&#8220;1\/3&#8243;][vc_empty_space][\/vc_column_inner][vc_column_inner width=&#8220;1\/3&#8243;][vc_empty_space][\/vc_column_inner][vc_column_inner width=&#8220;1\/3&#8243;][vc_empty_space][\/vc_column_inner][\/vc_row_inner][vc_row_inner row_type=&#8220;row&#8220; type=&#8220;full_width&#8220; text_align=&#8220;left&#8220; css_animation=&#8220;&#8220; css=&#8220;.vc_custom_1555168887344{padding-top: 30px !important;}&#8220;][vc_column_inner width=&#8220;1\/3&#8243;][vc_empty_space][\/vc_column_inner][vc_column_inner width=&#8220;1\/3&#8243;][vc_empty_space][\/vc_column_inner][\/vc_row_inner][\/vc_column][\/vc_row]<\/p>\n","protected":false},"author":1,"featured_media":0,"parent":991,"menu_order":25,"comment_status":"closed","ping_status":"closed","template":"full_width.php","meta":{"_joinchat":[],"footnotes":""},"yst_prominent_words":[332,340,248],"class_list":["post-1045","page","type-page","status-publish","hentry"],"_links":{"self":[{"href":"https:\/\/www.revival.es\/de\/wp-json\/wp\/v2\/pages\/1045","targetHints":{"allow":["GET"]}}],"collection":[{"href":"https:\/\/www.revival.es\/de\/wp-json\/wp\/v2\/pages"}],"about":[{"href":"https:\/\/www.revival.es\/de\/wp-json\/wp\/v2\/types\/page"}],"author":[{"embeddable":true,"href":"https:\/\/www.revival.es\/de\/wp-json\/wp\/v2\/users\/1"}],"replies":[{"embeddable":true,"href":"https:\/\/www.revival.es\/de\/wp-json\/wp\/v2\/comments?post=1045"}],"version-history":[{"count":4,"href":"https:\/\/www.revival.es\/de\/wp-json\/wp\/v2\/pages\/1045\/revisions"}],"predecessor-version":[{"id":2443,"href":"https:\/\/www.revival.es\/de\/wp-json\/wp\/v2\/pages\/1045\/revisions\/2443"}],"up":[{"embeddable":true,"href":"https:\/\/www.revival.es\/de\/wp-json\/wp\/v2\/pages\/991"}],"wp:attachment":[{"href":"https:\/\/www.revival.es\/de\/wp-json\/wp\/v2\/media?parent=1045"}],"wp:term":[{"taxonomy":"yst_prominent_words","embeddable":true,"href":"https:\/\/www.revival.es\/de\/wp-json\/wp\/v2\/yst_prominent_words?post=1045"}],"curies":[{"name":"wp","href":"https:\/\/api.w.org\/{rel}","templated":true}]}}