{"id":981,"date":"2019-09-08T20:15:39","date_gmt":"2019-09-08T20:15:39","guid":{"rendered":"https:\/\/www.revival.es\/?page_id=981"},"modified":"2024-08-09T09:37:04","modified_gmt":"2024-08-09T09:37:04","slug":"unsere-neuesten-projekte","status":"publish","type":"page","link":"https:\/\/www.revival.es\/de\/unsere-neuesten-projekte\/","title":{"rendered":"Unsere neuesten Projekte"},"content":{"rendered":"<div class=\"wpb-content-wrapper\"><p>[vc_row css_animation=&#8220;&#8220; row_type=&#8220;row&#8220; use_row_as_full_screen_section=&#8220;no&#8220; type=&#8220;full_width&#8220; angled_section=&#8220;no&#8220; text_align=&#8220;left&#8220; background_image_as_pattern=&#8220;without_pattern&#8220; z_index=&#8220;&#8220; css=&#8220;.vc_custom_1580913322208{background-color: #f9f9f9 !important;background-position: center !important;background-repeat: no-repeat !important;background-size: cover !important;}&#8220;][vc_column offset=&#8220;vc_col-lg-12 vc_col-md-12&#8243;][vc_row_inner row_type=&#8220;row&#8220; type=&#8220;grid&#8220; text_align=&#8220;left&#8220; css_animation=&#8220;&#8220;][vc_column_inner][vc_empty_space height=&#8220;40px&#8220;][vc_column_text]<\/p>\n<h4 style=\"text-align: center;\"><span style=\"font-weight: 300;\"><strong>Seit 1996 widmet sich Revival der nautischen Welt des Designs, der Polsterung und der Herstellung von Innen- und Au\u00dfenr\u00e4umen f\u00fcr Motorcruiser, Yachten und Superyachten.<\/strong> Wir sind stolz darauf, dass unsere Arbeit einige der prestigetr\u00e4chtigsten und am meisten bewunderten Schiffe der Welt schm\u00fcckt.<\/span><\/h4>\n<p>[\/vc_column_text][vc_empty_space height=&#8220;80px&#8220;][\/vc_column_inner][\/vc_row_inner][vc_row_inner row_type=&#8220;row&#8220; type=&#8220;full_width&#8220; text_align=&#8220;left&#8220; css_animation=&#8220;&#8220;][vc_column_inner]<div class='projects_holder_outer v4 portfolio_with_space portfolio_standard  masonry_with_space'>\n        <div class='projects_holder portfolio_main_holder clearfix v4 standard portfolio_full_image portfolio_one_by_one'>\n                    <div class=\"qode-portfolio-masonry-gallery-grid-sizer\"><\/div>\n            <div class=\"qode-portfolio-masonry-gallery-grid-gutter\"><\/div>\n        \n        <article class='mix default' style=''>\n    \n    \n    \n    \n            <div class=\"item_holder slow_zoom\">\n\n                <div class=\"text_holder\">\n    <div class=\"text_holder_outer\">\n        <div class=\"text_holder_inner\">\n            \n        <\/div>\n    <\/div>\n<\/div>\n    <div class=\"icons_holder\">\n                <a itemprop=\"image\" class=\"portfolio_lightbox\" title=\"M.Y. Callisto \" href='https:\/\/www.revival.es\/wp-content\/uploads\/2019\/04\/01-my-calisto-portada.jpg' data-rel=\"prettyPhoto[pretty_photo_gallery]\" rel=\"prettyPhoto[pretty_photo_gallery]\"><\/a>\n    \n        <a data-type=\"icon\" href=\"#\" class=\"qode-like\" id=\"qode-like-1101\" title=\"Like this\"><\/a>\n                <a itemprop=\"url\" class=\"preview\" title=\"Go to Project \" href=\"https:\/\/www.revival.es\/de\/portfolio_page\/m-y-callisto\/\" data-type=\"portfolio_list\" target=\"_self\" ><\/a>\n        <\/div>\n\n                                    <a itemprop=\"url\" class=\"portfolio_link_class\" title=\"M.Y. Callisto\" href=\"https:\/\/www.revival.es\/de\/portfolio_page\/m-y-callisto\/\"><\/a>\n                \n                <div style=\"\" class=\"portfolio_shader\"><\/div>\n                <div class=\"image_holder\">\n                    \n<span class='image'><img loading=\"lazy\" decoding=\"async\" width=\"650\" height=\"390\" src=\"https:\/\/www.revival.es\/wp-content\/uploads\/2019\/04\/01-my-calisto-portada.jpg\" class=\"attachment-portfolio_masonry_with_space size-portfolio_masonry_with_space wp-post-image\" alt=\"\" srcset=\"https:\/\/www.revival.es\/wp-content\/uploads\/2019\/04\/01-my-calisto-portada.jpg 650w, https:\/\/www.revival.es\/wp-content\/uploads\/2019\/04\/01-my-calisto-portada-300x180.jpg 300w\" sizes=\"auto, (max-width: 650px) 100vw, 650px\" \/><\/span>                <\/div>\n            <\/div>\n\n                <div class='portfolio_description ' >\n\n        \n    <h5 itemprop=\"name\" class=\"portfolio_title entry_title\"><a itemprop=\"url\" href=\"https:\/\/www.revival.es\/de\/portfolio_page\/m-y-callisto\/\"  target=\"_self\"> M.Y. Callisto<\/a><\/h5>\n\n\n        \n            <span class=\"project_category\"  >\n        <\/span>\n\n    <\/div>\n\n        \n<\/article>\n<article class='mix default' style=''>\n    \n    \n    \n    \n            <div class=\"item_holder slow_zoom\">\n\n                <div class=\"text_holder\">\n    <div class=\"text_holder_outer\">\n        <div class=\"text_holder_inner\">\n            \n        <\/div>\n    <\/div>\n<\/div>\n    <div class=\"icons_holder\">\n                <a itemprop=\"image\" class=\"portfolio_lightbox\" title=\"M.Y. Milk and Honey \" href='https:\/\/www.revival.es\/wp-content\/uploads\/2019\/05\/revival-my-milk-and-honey-06.jpg' data-rel=\"prettyPhoto[pretty_photo_gallery]\" rel=\"prettyPhoto[pretty_photo_gallery]\"><\/a>\n    \n        <a data-type=\"icon\" href=\"#\" class=\"qode-like\" id=\"qode-like-1069\" title=\"Like this\"><\/a>\n                <a itemprop=\"url\" class=\"preview\" title=\"Go to Project \" href=\"https:\/\/www.revival.es\/de\/portfolio_page\/m-y-milk-and-honey\/\" data-type=\"portfolio_list\" target=\"_self\" ><\/a>\n        <\/div>\n\n                                    <a itemprop=\"url\" class=\"portfolio_link_class\" title=\"M.Y. Milk and Honey\" href=\"https:\/\/www.revival.es\/de\/portfolio_page\/m-y-milk-and-honey\/\"><\/a>\n                \n                <div style=\"\" class=\"portfolio_shader\"><\/div>\n                <div class=\"image_holder\">\n                    \n<span class='image'><img loading=\"lazy\" decoding=\"async\" width=\"650\" height=\"390\" src=\"https:\/\/www.revival.es\/wp-content\/uploads\/2019\/05\/revival-my-milk-and-honey-06.jpg\" class=\"attachment-portfolio_masonry_with_space size-portfolio_masonry_with_space wp-post-image\" alt=\"\" srcset=\"https:\/\/www.revival.es\/wp-content\/uploads\/2019\/05\/revival-my-milk-and-honey-06.jpg 650w, https:\/\/www.revival.es\/wp-content\/uploads\/2019\/05\/revival-my-milk-and-honey-06-300x180.jpg 300w\" sizes=\"auto, (max-width: 650px) 100vw, 650px\" \/><\/span>                <\/div>\n            <\/div>\n\n                <div class='portfolio_description ' >\n\n        \n    <h5 itemprop=\"name\" class=\"portfolio_title entry_title\"><a itemprop=\"url\" href=\"https:\/\/www.revival.es\/de\/portfolio_page\/m-y-milk-and-honey\/\"  target=\"_self\"> M.Y. Milk and Honey<\/a><\/h5>\n\n\n        \n            <span class=\"project_category\"  >\n        <\/span>\n\n    <\/div>\n\n        \n<\/article>\n<article class='mix default' style=''>\n    \n    \n    \n    \n            <div class=\"item_holder slow_zoom\">\n\n                <div class=\"text_holder\">\n    <div class=\"text_holder_outer\">\n        <div class=\"text_holder_inner\">\n            \n        <\/div>\n    <\/div>\n<\/div>\n    <div class=\"icons_holder\">\n                <a itemprop=\"image\" class=\"portfolio_lightbox\" title=\"M.Y. Helios \" href='https:\/\/www.revival.es\/wp-content\/uploads\/2019\/05\/revival-my-helios-01.jpg' data-rel=\"prettyPhoto[pretty_photo_gallery]\" rel=\"prettyPhoto[pretty_photo_gallery]\"><\/a>\n    \n        <a data-type=\"icon\" href=\"#\" class=\"qode-like\" id=\"qode-like-1096\" title=\"Like this\"><\/a>\n                <a itemprop=\"url\" class=\"preview\" title=\"Go to Project \" href=\"https:\/\/www.revival.es\/de\/portfolio_page\/m-y-helios\/\" data-type=\"portfolio_list\" target=\"_self\" ><\/a>\n        <\/div>\n\n                                    <a itemprop=\"url\" class=\"portfolio_link_class\" title=\"M.Y. Helios\" href=\"https:\/\/www.revival.es\/de\/portfolio_page\/m-y-helios\/\"><\/a>\n                \n                <div style=\"\" class=\"portfolio_shader\"><\/div>\n                <div class=\"image_holder\">\n                    \n<span class='image'><img loading=\"lazy\" decoding=\"async\" width=\"650\" height=\"390\" src=\"https:\/\/www.revival.es\/wp-content\/uploads\/2019\/05\/revival-my-helios-01.jpg\" class=\"attachment-portfolio_masonry_with_space size-portfolio_masonry_with_space wp-post-image\" alt=\"\" srcset=\"https:\/\/www.revival.es\/wp-content\/uploads\/2019\/05\/revival-my-helios-01.jpg 650w, https:\/\/www.revival.es\/wp-content\/uploads\/2019\/05\/revival-my-helios-01-300x180.jpg 300w\" sizes=\"auto, (max-width: 650px) 100vw, 650px\" \/><\/span>                <\/div>\n            <\/div>\n\n                <div class='portfolio_description ' >\n\n        \n    <h5 itemprop=\"name\" class=\"portfolio_title entry_title\"><a itemprop=\"url\" href=\"https:\/\/www.revival.es\/de\/portfolio_page\/m-y-helios\/\"  target=\"_self\"> M.Y. Helios<\/a><\/h5>\n\n\n        \n            <span class=\"project_category\"  >\n        <\/span>\n\n    <\/div>\n\n        \n<\/article>\n<article class='mix default' style=''>\n    \n    \n    \n    \n            <div class=\"item_holder slow_zoom\">\n\n                <div class=\"text_holder\">\n    <div class=\"text_holder_outer\">\n        <div class=\"text_holder_inner\">\n            \n        <\/div>\n    <\/div>\n<\/div>\n    <div class=\"icons_holder\">\n                <a itemprop=\"image\" class=\"portfolio_lightbox\" title=\"M.Y. Amnesia \" href='https:\/\/www.revival.es\/wp-content\/uploads\/2019\/05\/revival-my-amnesia-02.jpg' data-rel=\"prettyPhoto[pretty_photo_gallery]\" rel=\"prettyPhoto[pretty_photo_gallery]\"><\/a>\n    \n        <a data-type=\"icon\" href=\"#\" class=\"qode-like\" id=\"qode-like-1061\" title=\"Like this\"><\/a>\n                <a itemprop=\"url\" class=\"preview\" title=\"Go to Project \" href=\"https:\/\/www.revival.es\/de\/portfolio_page\/m-y-amnesia\/\" data-type=\"portfolio_list\" target=\"_self\" ><\/a>\n        <\/div>\n\n                                    <a itemprop=\"url\" class=\"portfolio_link_class\" title=\"M.Y. Amnesia\" href=\"https:\/\/www.revival.es\/de\/portfolio_page\/m-y-amnesia\/\"><\/a>\n                \n                <div style=\"\" class=\"portfolio_shader\"><\/div>\n                <div class=\"image_holder\">\n                    \n<span class='image'><img loading=\"lazy\" decoding=\"async\" width=\"650\" height=\"390\" src=\"https:\/\/www.revival.es\/wp-content\/uploads\/2019\/05\/revival-my-amnesia-02.jpg\" class=\"attachment-portfolio_masonry_with_space size-portfolio_masonry_with_space wp-post-image\" alt=\"\" srcset=\"https:\/\/www.revival.es\/wp-content\/uploads\/2019\/05\/revival-my-amnesia-02.jpg 650w, https:\/\/www.revival.es\/wp-content\/uploads\/2019\/05\/revival-my-amnesia-02-300x180.jpg 300w\" sizes=\"auto, (max-width: 650px) 100vw, 650px\" \/><\/span>                <\/div>\n            <\/div>\n\n                <div class='portfolio_description ' >\n\n        \n    <h5 itemprop=\"name\" class=\"portfolio_title entry_title\"><a itemprop=\"url\" href=\"https:\/\/www.revival.es\/de\/portfolio_page\/m-y-amnesia\/\"  target=\"_self\"> M.Y. Amnesia<\/a><\/h5>\n\n\n        \n            <span class=\"project_category\"  >\n        <\/span>\n\n    <\/div>\n\n        \n<\/article>\n        <div class='filler'><\/div>\n            <div class='filler'><\/div>\n            <div class='filler'><\/div>\n            <div class='filler'><\/div>\n        <\/div>\n\n    \n    <\/div>[\/vc_column_inner][\/vc_row_inner][\/vc_column][\/vc_row]<\/p>\n<\/div>","protected":false},"excerpt":{"rendered":"<p>[vc_row css_animation=&#8220;&#8220; row_type=&#8220;row&#8220; use_row_as_full_screen_section=&#8220;no&#8220; type=&#8220;full_width&#8220; angled_section=&#8220;no&#8220; text_align=&#8220;left&#8220; background_image_as_pattern=&#8220;without_pattern&#8220; z_index=&#8220;&#8220; css=&#8220;.vc_custom_1580913322208{background-color: #f9f9f9 !important;background-position: center !important;background-repeat: no-repeat !important;background-size: cover !important;}&#8220;][vc_column offset=&#8220;vc_col-lg-12 vc_col-md-12&#8243;][vc_row_inner row_type=&#8220;row&#8220; type=&#8220;grid&#8220; text_align=&#8220;left&#8220; css_animation=&#8220;&#8220;][vc_column_inner][vc_empty_space height=&#8220;40px&#8220;][vc_column_text] Seit 1996 widmet sich Revival der nautischen Welt des Designs, der Polsterung und der Herstellung von Innen- und Au\u00dfenr\u00e4umen f\u00fcr Motorcruiser, Yachten und Superyachten. Wir sind stolz darauf, dass unsere Arbeit einige der prestigetr\u00e4chtigsten und am meisten bewunderten Schiffe der Welt schm\u00fcckt. [\/vc_column_text][vc_empty_space height=&#8220;80px&#8220;][\/vc_column_inner][\/vc_row_inner][vc_row_inner row_type=&#8220;row&#8220; type=&#8220;full_width&#8220; text_align=&#8220;left&#8220; css_animation=&#8220;&#8220;][vc_column_inner][\/vc_column_inner][\/vc_row_inner][\/vc_column][\/vc_row]<\/p>\n","protected":false},"author":1,"featured_media":0,"parent":0,"menu_order":0,"comment_status":"closed","ping_status":"closed","template":"full_width.php","meta":{"_joinchat":[],"footnotes":""},"yst_prominent_words":[335,13,248,402],"class_list":["post-981","page","type-page","status-publish","hentry"],"_links":{"self":[{"href":"https:\/\/www.revival.es\/de\/wp-json\/wp\/v2\/pages\/981","targetHints":{"allow":["GET"]}}],"collection":[{"href":"https:\/\/www.revival.es\/de\/wp-json\/wp\/v2\/pages"}],"about":[{"href":"https:\/\/www.revival.es\/de\/wp-json\/wp\/v2\/types\/page"}],"author":[{"embeddable":true,"href":"https:\/\/www.revival.es\/de\/wp-json\/wp\/v2\/users\/1"}],"replies":[{"embeddable":true,"href":"https:\/\/www.revival.es\/de\/wp-json\/wp\/v2\/comments?post=981"}],"version-history":[{"count":2,"href":"https:\/\/www.revival.es\/de\/wp-json\/wp\/v2\/pages\/981\/revisions"}],"predecessor-version":[{"id":2032,"href":"https:\/\/www.revival.es\/de\/wp-json\/wp\/v2\/pages\/981\/revisions\/2032"}],"wp:attachment":[{"href":"https:\/\/www.revival.es\/de\/wp-json\/wp\/v2\/media?parent=981"}],"wp:term":[{"taxonomy":"yst_prominent_words","embeddable":true,"href":"https:\/\/www.revival.es\/de\/wp-json\/wp\/v2\/yst_prominent_words?post=981"}],"curies":[{"name":"wp","href":"https:\/\/api.w.org\/{rel}","templated":true}]}}