{"id":991,"date":"2019-09-08T20:37:10","date_gmt":"2019-09-08T20:37:10","guid":{"rendered":"https:\/\/www.revival.es\/?page_id=991"},"modified":"2020-09-28T15:33:34","modified_gmt":"2020-09-28T15:33:34","slug":"dienstleistungen","status":"publish","type":"page","link":"https:\/\/www.revival.es\/de\/dienstleistungen\/","title":{"rendered":"Dienstleistungen"},"content":{"rendered":"<div class=\"wpb-content-wrapper\"><p>[vc_row css_animation=&#8220;&#8220; row_type=&#8220;row&#8220; use_row_as_full_screen_section=&#8220;no&#8220; type=&#8220;full_width&#8220; angled_section=&#8220;no&#8220; text_align=&#8220;center&#8220; background_image_as_pattern=&#8220;without_pattern&#8220; z_index=&#8220;&#8220;][vc_column][qode_elements_holder number_of_columns=&#8220;four_columns&#8220; switch_to_one_column=&#8220;1000&#8243;][qode_elements_holder_item advanced_animations=&#8220;no&#8220; background_color=&#8220;#ffffff&#8220; item_padding=&#8220;8% 10% 8% 10%&#8220; item_padding_1280_1440=&#8220;14% 2% 14% 7%&#8220; item_padding_1024_1280=&#8220;10% 2% 10% 4%&#8220; item_padding_768_1024=&#8220;21% 16%&#8220; item_padding_600_768=&#8220;15% 30% 15% 14%&#8220; item_padding_480_600=&#8220;17% 10% 17% 14%&#8220; item_padding_480=&#8220;17% 10% 17% 14%&#8220;][vc_column_text]<\/p>\n<h4 style=\"font-weight: 300; color: #222222;\">Dienstleistungen f\u00fcr<\/h4>\n<p>[\/vc_column_text][vc_column_text]<\/p>\n<h3 style=\"font-weight: bold;\">Superyachten<\/h3>\n<p>[\/vc_column_text][vc_empty_space height=&#8220;29px&#8220;][vc_column_text]Mit mehr als 20 Jahren Erfahrung hat sich Revival zu einer Referenz im Design von Superyacht Interieurs auf Mallorca entwickelt und ist weltweit eine der wichtigsten in diesem Bereich.[\/vc_column_text][vc_empty_space height=&#8220;50px&#8220;]<a  itemprop=\"url\" href=\"\/de\/dienstleistungen\/dienstleistungen-fuer-superyachten\/\" target=\"_self\"  class=\"qbutton  small white default\" style=\"color: #ffffff; font-size: 12px; letter-spacing: 0.5px; border-radius: 0px;-moz-border-radius: 0px;-webkit-border-radius: 0px; \">Mehr erfahren<span aria-hidden=\"true\" class=\"qode_icon_font_elegant arrow_triangle-right qode_button_icon_element\" style=\"\" ><\/span><\/a>[\/qode_elements_holder_item][qode_elements_holder_item cover=&#8220;yes&#8220; advanced_animations=&#8220;no&#8220; background_color=&#8220;#ffffff&#8220; item_padding=&#8220;15% 10% 15% 10%&#8220; item_padding_1280_1440=&#8220;14% 2% 14% 7%&#8220; item_padding_1024_1280=&#8220;10% 2% 10% 4%&#8220; item_padding_768_1024=&#8220;21% 16%&#8220; item_padding_600_768=&#8220;15% 30% 15% 14%&#8220; item_padding_480_600=&#8220;17% 10% 17% 14%&#8220; item_padding_480=&#8220;17% 10% 17% 14%&#8220; background_image=&#8220;503&#8243;][\/qode_elements_holder_item][qode_elements_holder_item advanced_animations=&#8220;no&#8220; background_color=&#8220;#ffffff&#8220; item_padding=&#8220;8% 10% 8% 10%&#8220; item_padding_1280_1440=&#8220;14% 2% 14% 7%&#8220; item_padding_1024_1280=&#8220;10% 2% 10% 4%&#8220; item_padding_768_1024=&#8220;21% 16%&#8220; item_padding_600_768=&#8220;15% 30% 15% 14%&#8220; item_padding_480_600=&#8220;17% 10% 17% 14%&#8220; item_padding_480=&#8220;17% 10% 17% 14%&#8220;][vc_column_text]<\/p>\n<h4 style=\"font-weight: 300; color: #222222;\">Dienstleistungen f\u00fcr<\/h4>\n<p>[\/vc_column_text][vc_column_text]<\/p>\n<h3 style=\"font-weight: bold;\">Yachten und Motorboote<\/h3>\n<p>[\/vc_column_text][vc_empty_space height=&#8220;29px&#8220;][vc_column_text]Revival widmet sich seit 1996 Projekten in den Bereichen Design und Herstellung von Innenr\u00e4umen und Au\u00dfenanlagen f\u00fcr Motorboote und Yachten in der Freizeitkreuzfahrtindustrie.[\/vc_column_text][vc_empty_space height=&#8220;50px&#8220;]<a  itemprop=\"url\" href=\"\/de\/dienstleistungen\/dienstleistungen-fuer-yachten-und-motorboote\/\" target=\"_self\"  class=\"qbutton  small white default\" style=\"color: #ffffff; font-size: 12px; letter-spacing: 0.5px; border-radius: 0px;-moz-border-radius: 0px;-webkit-border-radius: 0px; \">Mehr erfahren<span aria-hidden=\"true\" class=\"qode_icon_font_elegant arrow_triangle-right qode_button_icon_element\" style=\"\" ><\/span><\/a>[\/qode_elements_holder_item][qode_elements_holder_item cover=&#8220;yes&#8220; advanced_animations=&#8220;no&#8220; background_color=&#8220;#ffffff&#8220; item_padding=&#8220;15% 10% 15% 10%&#8220; item_padding_1280_1440=&#8220;14% 2% 14% 7%&#8220; item_padding_1024_1280=&#8220;10% 2% 10% 4%&#8220; item_padding_768_1024=&#8220;21% 16%&#8220; item_padding_600_768=&#8220;15% 30% 15% 14%&#8220; item_padding_480_600=&#8220;17% 10% 17% 14%&#8220; item_padding_480=&#8220;17% 10% 17% 14%&#8220; background_image=&#8220;505&#8243;][\/qode_elements_holder_item][\/qode_elements_holder][\/vc_column][\/vc_row][vc_row css_animation=&#8220;&#8220; row_type=&#8220;row&#8220; use_row_as_full_screen_section=&#8220;no&#8220; type=&#8220;full_width&#8220; angled_section=&#8220;no&#8220; text_align=&#8220;center&#8220; background_image_as_pattern=&#8220;without_pattern&#8220; z_index=&#8220;&#8220;][vc_column][qode_elements_holder number_of_columns=&#8220;four_columns&#8220; switch_to_one_column=&#8220;1000&#8243;][qode_elements_holder_item cover=&#8220;yes&#8220; advanced_animations=&#8220;no&#8220; background_image=&#8220;507&#8243; item_padding=&#8220;10% 10% 15% 14%&#8220; item_padding_1280_1440=&#8220;48.7% 0px&#8220; item_padding_1024_1280=&#8220;47% 0px&#8220; item_padding_480_600=&#8220;46% 0px&#8220; item_padding_480=&#8220;46% 0px&#8220;][\/qode_elements_holder_item][qode_elements_holder_item advanced_animations=&#8220;no&#8220; background_color=&#8220;#ffffff&#8220; item_padding=&#8220;10% 10% 10% 10%&#8220; item_padding_1280_1440=&#8220;14% 2% 14% 7%&#8220; item_padding_1024_1280=&#8220;10% 2% 10% 4%&#8220; item_padding_768_1024=&#8220;21% 16%&#8220; item_padding_600_768=&#8220;15% 30% 15% 14%&#8220; item_padding_480_600=&#8220;17% 10% 17% 14%&#8220; item_padding_480=&#8220;17% 10% 17% 14%&#8220;][vc_column_text]<\/p>\n<h4 style=\"font-weight: 300; color: #222222;\">Dienstleistungen f\u00fcr<\/h4>\n<p>[\/vc_column_text][vc_column_text]<\/p>\n<h3 style=\"font-weight: bold;\">Hauser und Villas<\/h3>\n<p>[\/vc_column_text][vc_empty_space height=&#8220;29px&#8220;][vc_column_text]Seit 1996 widmen wir uns der Innenausstattung von H\u00e4usern und haben uns dabei auf Einrichtung von Wohnr\u00e4umen in Mallorca spezialisiert.[\/vc_column_text][vc_empty_space height=&#8220;50px&#8220;]<a  itemprop=\"url\" href=\"\/de\/dienstleistungen\/dienstleistungen-fuer-haeuser-und-villen\/\" target=\"_self\"  class=\"qbutton  small white default\" style=\"color: #ffffff; font-size: 12px; letter-spacing: 0.5px; border-radius: 0px;-moz-border-radius: 0px;-webkit-border-radius: 0px; \">Mehr erfahren<span aria-hidden=\"true\" class=\"qode_icon_font_elegant arrow_triangle-right qode_button_icon_element\" style=\"\" ><\/span><\/a>[\/qode_elements_holder_item][qode_elements_holder_item cover=&#8220;yes&#8220; advanced_animations=&#8220;no&#8220; background_image=&#8220;509&#8243; item_padding=&#8220;10% 10% 15% 14%&#8220; item_padding_1280_1440=&#8220;48.7% 0px&#8220; item_padding_1024_1280=&#8220;47% 0px&#8220; item_padding_480_600=&#8220;46% 0px&#8220; item_padding_480=&#8220;46% 0px&#8220;][\/qode_elements_holder_item][qode_elements_holder_item advanced_animations=&#8220;no&#8220; background_color=&#8220;#ffffff&#8220; item_padding=&#8220;10% 10% 10% 10%&#8220; item_padding_1280_1440=&#8220;14% 2% 14% 7%&#8220; item_padding_1024_1280=&#8220;10% 2% 10% 4%&#8220; item_padding_768_1024=&#8220;21% 16%&#8220; item_padding_600_768=&#8220;15% 30% 15% 14%&#8220; item_padding_480_600=&#8220;17% 10% 17% 14%&#8220; item_padding_480=&#8220;17% 10% 17% 14%&#8220;][vc_column_text]<\/p>\n<h4 style=\"font-weight: 300; color: #222222;\">Dienstleistungen f\u00fcr<\/h4>\n<p>[\/vc_column_text][vc_column_text]<\/p>\n<h3 style=\"font-weight: bold;\">Autos, Flugzeuge, Hotels\u2026<\/h3>\n<p>[\/vc_column_text][vc_empty_space height=&#8220;29px&#8220;][vc_column_text]Wir verf\u00fcgen \u00fcber umfangreiche Erfahrung bei der Schaffung harmonischer R\u00e4ume und der Leitung von Projekten f\u00fcr neue Innen- und Au\u00dfenr\u00e4ume, die auch Autos, Hubschrauber, Flugzeuge, Hotels und B\u00fcros umfassen.[\/vc_column_text][vc_empty_space height=&#8220;50px&#8220;]<a  itemprop=\"url\" href=\"\/de\/dienstleistungen\/dienstleistungen-fuer-autos-flugzeuge-hotels-und-bueros\/\" target=\"_self\"  class=\"qbutton  small white default\" style=\"color: #ffffff; font-size: 12px; letter-spacing: 0.5px; border-radius: 0px;-moz-border-radius: 0px;-webkit-border-radius: 0px; \">Mehr erfahren<span aria-hidden=\"true\" class=\"qode_icon_font_elegant arrow_triangle-right qode_button_icon_element\" style=\"\" ><\/span><\/a>[\/qode_elements_holder_item][\/qode_elements_holder][\/vc_column][\/vc_row]<\/p>\n<\/div>","protected":false},"excerpt":{"rendered":"<p>[vc_row css_animation=&#8220;&#8220; row_type=&#8220;row&#8220; use_row_as_full_screen_section=&#8220;no&#8220; type=&#8220;full_width&#8220; angled_section=&#8220;no&#8220; text_align=&#8220;center&#8220; background_image_as_pattern=&#8220;without_pattern&#8220; z_index=&#8220;&#8220;][vc_column][qode_elements_holder number_of_columns=&#8220;four_columns&#8220; switch_to_one_column=&#8220;1000&#8243;][qode_elements_holder_item advanced_animations=&#8220;no&#8220; background_color=&#8220;#ffffff&#8220; item_padding=&#8220;8% 10% 8% 10%&#8220; item_padding_1280_1440=&#8220;14% 2% 14% 7%&#8220; item_padding_1024_1280=&#8220;10% 2% 10% 4%&#8220; item_padding_768_1024=&#8220;21% 16%&#8220; item_padding_600_768=&#8220;15% 30% 15% 14%&#8220; item_padding_480_600=&#8220;17% 10% 17% 14%&#8220; item_padding_480=&#8220;17% 10% 17% 14%&#8220;][vc_column_text] Dienstleistungen f\u00fcr [\/vc_column_text][vc_column_text] Superyachten [\/vc_column_text][vc_empty_space height=&#8220;29px&#8220;][vc_column_text]Mit mehr als 20 Jahren Erfahrung hat sich Revival zu einer Referenz im Design von Superyacht Interieurs auf Mallorca entwickelt und ist weltweit eine der wichtigsten in diesem Bereich.[\/vc_column_text][vc_empty_space height=&#8220;50px&#8220;][\/qode_elements_holder_item][qode_elements_holder_item cover=&#8220;yes&#8220; advanced_animations=&#8220;no&#8220; background_color=&#8220;#ffffff&#8220; item_padding=&#8220;15% 10% 15% 10%&#8220; item_padding_1280_1440=&#8220;14% 2% 14% 7%&#8220; item_padding_1024_1280=&#8220;10% 2% 10% 4%&#8220; item_padding_768_1024=&#8220;21% 16%&#8220; item_padding_600_768=&#8220;15% 30% 15% 14%&#8220; item_padding_480_600=&#8220;17% 10% 17% 14%&#8220; item_padding_480=&#8220;17% 10% 17% 14%&#8220; background_image=&#8220;503&#8243;][\/qode_elements_holder_item][qode_elements_holder_item advanced_animations=&#8220;no&#8220; background_color=&#8220;#ffffff&#8220; item_padding=&#8220;8% 10% 8% 10%&#8220; item_padding_1280_1440=&#8220;14% 2% 14% 7%&#8220; item_padding_1024_1280=&#8220;10% 2% 10% 4%&#8220; item_padding_768_1024=&#8220;21% 16%&#8220; item_padding_600_768=&#8220;15% 30% 15% 14%&#8220; item_padding_480_600=&#8220;17% 10% 17% 14%&#8220; item_padding_480=&#8220;17% 10% 17% 14%&#8220;][vc_column_text] Dienstleistungen f\u00fcr [\/vc_column_text][vc_column_text] Yachten und Motorboote [\/vc_column_text][vc_empty_space height=&#8220;29px&#8220;][vc_column_text]Revival widmet sich seit 1996&#8230;<\/p>\n","protected":false},"author":1,"featured_media":0,"parent":0,"menu_order":23,"comment_status":"closed","ping_status":"closed","template":"full_width.php","meta":{"_joinchat":[],"footnotes":""},"yst_prominent_words":[25,250,335,18,334,327,381,339,332,336,338,380,375,29,383,382,340,248,341,374],"class_list":["post-991","page","type-page","status-publish","hentry"],"_links":{"self":[{"href":"https:\/\/www.revival.es\/de\/wp-json\/wp\/v2\/pages\/991","targetHints":{"allow":["GET"]}}],"collection":[{"href":"https:\/\/www.revival.es\/de\/wp-json\/wp\/v2\/pages"}],"about":[{"href":"https:\/\/www.revival.es\/de\/wp-json\/wp\/v2\/types\/page"}],"author":[{"embeddable":true,"href":"https:\/\/www.revival.es\/de\/wp-json\/wp\/v2\/users\/1"}],"replies":[{"embeddable":true,"href":"https:\/\/www.revival.es\/de\/wp-json\/wp\/v2\/comments?post=991"}],"version-history":[{"count":0,"href":"https:\/\/www.revival.es\/de\/wp-json\/wp\/v2\/pages\/991\/revisions"}],"wp:attachment":[{"href":"https:\/\/www.revival.es\/de\/wp-json\/wp\/v2\/media?parent=991"}],"wp:term":[{"taxonomy":"yst_prominent_words","embeddable":true,"href":"https:\/\/www.revival.es\/de\/wp-json\/wp\/v2\/yst_prominent_words?post=991"}],"curies":[{"name":"wp","href":"https:\/\/api.w.org\/{rel}","templated":true}]}}