{"id":999,"date":"2019-09-08T21:03:50","date_gmt":"2019-09-08T21:03:50","guid":{"rendered":"https:\/\/www.revival.es\/?page_id=999"},"modified":"2024-08-09T09:40:25","modified_gmt":"2024-08-09T09:40:25","slug":"dienstleistungen-fuer-autos-flugzeuge-hotels-und-bueros","status":"publish","type":"page","link":"https:\/\/www.revival.es\/de\/dienstleistungen\/dienstleistungen-fuer-autos-flugzeuge-hotels-und-bueros\/","title":{"rendered":"Autos, Flugzeuge, Hotels und B\u00fcros"},"content":{"rendered":"<div class=\"wpb-content-wrapper\"><p>[vc_row css_animation=&#8220;&#8220; row_type=&#8220;row&#8220; use_row_as_full_screen_section=&#8220;no&#8220; type=&#8220;grid&#8220; angled_section=&#8220;no&#8220; text_align=&#8220;left&#8220; background_image_as_pattern=&#8220;without_pattern&#8220; z_index=&#8220;&#8220; css=&#8220;.vc_custom_1555169029150{padding-bottom: 40px !important;background-color: #fafafa !important;}&#8220;][vc_column][vc_empty_space height=&#8220;40px&#8220;][vc_column_text]<\/p>\n<h4>Seit 1996 steht unsere Erfahrung f\u00fcr Qualit\u00e4t bei der Verwirklichung von Projekten zur Schaffung harmonischer R\u00e4ume sowie im Innen- und Au\u00dfendesign f\u00fcr Autos, Helikopter, Flugzeuge und Hotels. Unser Expertenteam sorgt dabei f\u00fcr die hochwertige Umsetzung der Produkte.<\/h4>\n<p>[\/vc_column_text][vc_empty_space height=&#8220;20px&#8220;][vc_column_text]<\/p>\n<h6>Wir arbeiten bei jedem Schritt mit Ihnen so eng zusammen, wie Sie es sich vorgestellt haben, so dass Sie immer wissen, dass Ihr Projekt auf dem richtigen Weg ist. Wir sehen unsere Rolle darin, zu verstehen, was sie suchen, festzustellen, dass es machbar ist, und dann Ihre Vision so elegant, praktisch und kosteng\u00fcnstig wie m\u00f6glich zu verwirklichen.<\/h6>\n<p>[\/vc_column_text][vc_empty_space height=&#8220;65px&#8220;][vc_row_inner row_type=&#8220;row&#8220; type=&#8220;full_width&#8220; text_align=&#8220;left&#8220; css_animation=&#8220;&#8220;][vc_column_inner width=&#8220;1\/3&#8243;]<div class=\"qode-info-card\">\n\t\t\t<div class=\"qode-info-card-image\" style=\"background-color:#fff\">\n\t\t\t<img decoding=\"async\" src=\"https:\/\/www.revival.es\/wp-content\/uploads\/2019\/04\/revival-other-services-cars.jpg\" alt=\"\" \/>\n\t\t<\/div>\n\t\t<div class=\"qode-info-card-text-holder\" style=\"background-color:#fff\">\n\t\t\t\t\t<h4 class=\"qode-info-card-title\" >\n\t\t\t\tAutos\t\t\t<\/h4>\n\t\t\t\t\t\t\t<p class=\"qode-info-card-text\" >\n\t\t\t\tWir bieten Polsterung f\u00fcr Autos auf Mallorca. Wir k\u00fcmmern uns um die Herstellung der Materialien f\u00fcr den Innenraum und die Reparatur oder den Neubezug von Sitzen, Dachhimmeln, Seitenteilen oder Verdecks.\t\t\t<\/p>\n\t\t\t<\/div>\n\t<\/div>[vc_empty_space][\/vc_column_inner][vc_column_inner width=&#8220;1\/3&#8243;]<div class=\"qode-info-card\">\n\t\t\t<div class=\"qode-info-card-image\" style=\"background-color:#fff\">\n\t\t\t<img decoding=\"async\" src=\"https:\/\/www.revival.es\/wp-content\/uploads\/2019\/04\/revival-other-services-planes-helicopters.jpg\" alt=\"\" \/>\n\t\t<\/div>\n\t\t<div class=\"qode-info-card-text-holder\" style=\"background-color:#fff\">\n\t\t\t\t\t<h4 class=\"qode-info-card-title\" >\n\t\t\t\tHelikopter Und Flugzeuge\t\t\t<\/h4>\n\t\t\t\t\t\t\t<p class=\"qode-info-card-text\" >\n\t\t\t\tWir leiten Designprojekte f\u00fcr Helikopter und Flugzeuge. Wir fertigen M\u00f6bel nach Ma\u00df und Textilausstattung mit Qualit\u00e4tsmaterialien und inspirierender Ausf\u00fchrung. Wir stellen Teppiche und Bodenbel\u00e4ge f\u00fcr Flugzeuge und Helikopter aus antistatischen Fasern her.\t\t\t<\/p>\n\t\t\t<\/div>\n\t<\/div>[vc_empty_space][\/vc_column_inner][vc_column_inner width=&#8220;1\/3&#8243;]<div class=\"qode-info-card\">\n\t\t\t<div class=\"qode-info-card-image\" style=\"background-color:#fff\">\n\t\t\t<img decoding=\"async\" src=\"https:\/\/www.revival.es\/wp-content\/uploads\/2019\/04\/revival-other-services-planes-hotels.jpg\" alt=\"\" \/>\n\t\t<\/div>\n\t\t<div class=\"qode-info-card-text-holder\" style=\"background-color:#fff\">\n\t\t\t\t\t<h4 class=\"qode-info-card-title\" >\n\t\t\t\tHotels\t\t\t<\/h4>\n\t\t\t\t\t\t\t<p class=\"qode-info-card-text\" >\n\t\t\t\tWir werten Innen- und Au\u00dfenr\u00e4ume von Hotels optisch auf. Dabei fertigen wir M\u00f6bel nach Ma\u00df an und stellen hochwertige Wohntextilien wie Gardinen, Stores, Bettw\u00e4sche, Kissen, Handt\u00fccher oder Stickereien her. Auch Bez\u00fcge und Markisen aus speziellen Materialien zum Schutz vor Sonne haben wir im Angebot.\t\t\t<\/p>\n\t\t\t<\/div>\n\t<\/div>[vc_empty_space][\/vc_column_inner][\/vc_row_inner][vc_row_inner row_type=&#8220;row&#8220; type=&#8220;full_width&#8220; text_align=&#8220;left&#8220; css_animation=&#8220;&#8220; css=&#8220;.vc_custom_1555168887344{padding-top: 30px !important;}&#8220;][vc_column_inner width=&#8220;1\/3&#8243;]<div class=\"qode-info-card\">\n\t\t\t<div class=\"qode-info-card-image\" style=\"background-color:#fff\">\n\t\t\t<img decoding=\"async\" src=\"https:\/\/www.revival.es\/wp-content\/uploads\/2019\/04\/revival-other-services-planes-offices.jpg\" alt=\"\" \/>\n\t\t<\/div>\n\t\t<div class=\"qode-info-card-text-holder\" style=\"background-color:#fff\">\n\t\t\t\t\t<h4 class=\"qode-info-card-title\" >\n\t\t\t\tB\u00fcros\t\t\t<\/h4>\n\t\t\t\t\t\t\t<p class=\"qode-info-card-text\" >\n\t\t\t\tAus unserer breiten Palette an Stoffen und Stilen f\u00fcr M\u00f6bel widmen wir uns der Herstellung, Reparatur, Wartung und dem Umbau des Innen- und Au\u00dfenbereichs Ihres B\u00fcros.\t\t\t<\/p>\n\t\t\t<\/div>\n\t<\/div>[vc_empty_space][\/vc_column_inner][\/vc_row_inner][\/vc_column][\/vc_row]<\/p>\n<\/div>","protected":false},"excerpt":{"rendered":"<p>[vc_row css_animation=&#8220;&#8220; row_type=&#8220;row&#8220; use_row_as_full_screen_section=&#8220;no&#8220; type=&#8220;grid&#8220; angled_section=&#8220;no&#8220; text_align=&#8220;left&#8220; background_image_as_pattern=&#8220;without_pattern&#8220; z_index=&#8220;&#8220; css=&#8220;.vc_custom_1555169029150{padding-bottom: 40px !important;background-color: #fafafa !important;}&#8220;][vc_column][vc_empty_space height=&#8220;40px&#8220;][vc_column_text] Seit 1996 steht unsere Erfahrung f\u00fcr Qualit\u00e4t bei der Verwirklichung von Projekten zur Schaffung harmonischer R\u00e4ume sowie im Innen- und Au\u00dfendesign f\u00fcr Autos, Helikopter, Flugzeuge und Hotels. Unser Expertenteam sorgt dabei f\u00fcr die hochwertige Umsetzung der Produkte. [\/vc_column_text][vc_empty_space height=&#8220;20px&#8220;][vc_column_text] Wir arbeiten bei jedem Schritt mit Ihnen so eng zusammen, wie Sie es sich vorgestellt haben, so dass Sie immer wissen, dass Ihr Projekt auf dem richtigen Weg ist. Wir sehen unsere Rolle darin, zu verstehen, was sie suchen, festzustellen, dass es machbar ist, und dann Ihre Vision so elegant, praktisch und kosteng\u00fcnstig wie m\u00f6glich zu verwirklichen. [\/vc_column_text][vc_empty_space height=&#8220;65px&#8220;][vc_row_inner row_type=&#8220;row&#8220; type=&#8220;full_width&#8220; text_align=&#8220;left&#8220; css_animation=&#8220;&#8220;][vc_column_inner width=&#8220;1\/3&#8243;][vc_empty_space][\/vc_column_inner][vc_column_inner width=&#8220;1\/3&#8243;][vc_empty_space][\/vc_column_inner][vc_column_inner width=&#8220;1\/3&#8243;][vc_empty_space][\/vc_column_inner][\/vc_row_inner][vc_row_inner row_type=&#8220;row&#8220; type=&#8220;full_width&#8220; text_align=&#8220;left&#8220; css_animation=&#8220;&#8220; css=&#8220;.vc_custom_1555168887344{padding-top: 30px !important;}&#8220;][vc_column_inner width=&#8220;1\/3&#8243;][vc_empty_space][\/vc_column_inner][\/vc_row_inner][\/vc_column][\/vc_row]<\/p>\n","protected":false},"author":1,"featured_media":0,"parent":991,"menu_order":30,"comment_status":"closed","ping_status":"closed","template":"full_width.php","meta":{"_joinchat":[],"footnotes":""},"yst_prominent_words":[378,335,379,403,249,341],"class_list":["post-999","page","type-page","status-publish","hentry"],"_links":{"self":[{"href":"https:\/\/www.revival.es\/de\/wp-json\/wp\/v2\/pages\/999","targetHints":{"allow":["GET"]}}],"collection":[{"href":"https:\/\/www.revival.es\/de\/wp-json\/wp\/v2\/pages"}],"about":[{"href":"https:\/\/www.revival.es\/de\/wp-json\/wp\/v2\/types\/page"}],"author":[{"embeddable":true,"href":"https:\/\/www.revival.es\/de\/wp-json\/wp\/v2\/users\/1"}],"replies":[{"embeddable":true,"href":"https:\/\/www.revival.es\/de\/wp-json\/wp\/v2\/comments?post=999"}],"version-history":[{"count":1,"href":"https:\/\/www.revival.es\/de\/wp-json\/wp\/v2\/pages\/999\/revisions"}],"predecessor-version":[{"id":2033,"href":"https:\/\/www.revival.es\/de\/wp-json\/wp\/v2\/pages\/999\/revisions\/2033"}],"up":[{"embeddable":true,"href":"https:\/\/www.revival.es\/de\/wp-json\/wp\/v2\/pages\/991"}],"wp:attachment":[{"href":"https:\/\/www.revival.es\/de\/wp-json\/wp\/v2\/media?parent=999"}],"wp:term":[{"taxonomy":"yst_prominent_words","embeddable":true,"href":"https:\/\/www.revival.es\/de\/wp-json\/wp\/v2\/yst_prominent_words?post=999"}],"curies":[{"name":"wp","href":"https:\/\/api.w.org\/{rel}","templated":true}]}}