{"id":764,"date":"2019-06-25T09:22:13","date_gmt":"2019-06-25T09:22:13","guid":{"rendered":"https:\/\/www.revival.es\/?page_id=764"},"modified":"2025-02-07T18:50:30","modified_gmt":"2025-02-07T18:50:30","slug":"contacto","status":"publish","type":"page","link":"https:\/\/www.revival.es\/es\/contacto\/","title":{"rendered":"Contacto"},"content":{"rendered":"<div class=\"wpb-content-wrapper\"><p>[vc_row css_animation=\u00bb\u00bb row_type=\u00bbrow\u00bb use_row_as_full_screen_section=\u00bbno\u00bb type=\u00bbfull_width\u00bb angled_section=\u00bbno\u00bb text_align=\u00bbleft\u00bb background_image_as_pattern=\u00bbwithout_pattern\u00bb][vc_column][vc_gmaps link=\u00bb#E-8_JTNDaWZyYW1lJTIwc3JjJTNEJTIyaHR0cHMlM0ElMkYlMkZ3d3cuZ29vZ2xlLmNvbSUyRm1hcHMlMkZlbWJlZCUzRnBiJTNEJTIxMW0xOCUyMTFtMTIlMjExbTMlMjExZDQxNDAyLjQ5NjUyODI5MTU4JTIxMmQyLjQ4MTUyNTg1Mzk0MDcxOSUyMTNkMzkuNTMxMjExNjU5MzAyMTElMjEybTMlMjExZjAlMjEyZjAlMjEzZjAlMjEzbTIlMjExaTEwMjQlMjEyaTc2OCUyMTRmMTMuMSUyMTNtMyUyMTFtMiUyMTFzMHgxMjk3ODk3YTdkYzkwNGE1JTI1M0EweDUyY2IwOTg3NmQyMTlkZTAlMjEyc0NhcnJlciUyQklsbGVzJTJCQmFsZWFycyUyNTJDJTJCNDElMjUyQyUyQjA3MTgzJTJCQ2FsdmklMjVDMyUyNUEwJTI1MkMlMkJJbGxlcyUyQkJhbGVhcnMlMjE1ZTAlMjEzbTIlMjExc2VzJTIxMnNlcyUyMTR2MTU1NTE1MTYyNDE3MyUyMTVtMiUyMTFzZXMlMjEyc2VzJTIyJTIwd2lkdGglM0QlMjI2MDAlMjIlMjBoZWlnaHQlM0QlMjI0NTAlMjIlMjBmcmFtZWJvcmRlciUzRCUyMjAlMjIlMjBzdHlsZSUzRCUyMmJvcmRlciUzQTAlMjIlMjBhbGxvd2Z1bGxzY3JlZW4lM0UlM0MlMkZpZnJhbWUlM0U=\u00bb el_class=\u00bbvc_hidden-sm vc_hidden-xs\u00bb][vc_gmaps link=\u00bb#E-8_JTNDaWZyYW1lJTIwc3JjJTNEJTIyaHR0cHMlM0ElMkYlMkZ3d3cuZ29vZ2xlLmNvbSUyRm1hcHMlMkZlbWJlZCUzRnBiJTNEJTIxMW0xOCUyMTFtMTIlMjExbTMlMjExZDQxNDAyLjQ5NjUyODI5MTU4JTIxMmQyLjQ4MTUyNTg1Mzk0MDcxOSUyMTNkMzkuNTMxMjExNjU5MzAyMTElMjEybTMlMjExZjAlMjEyZjAlMjEzZjAlMjEzbTIlMjExaTEwMjQlMjEyaTc2OCUyMTRmMTMuMSUyMTNtMyUyMTFtMiUyMTFzMHgxMjk3ODk3YTdkYzkwNGE1JTI1M0EweDUyY2IwOTg3NmQyMTlkZTAlMjEyc0NhcnJlciUyQklsbGVzJTJCQmFsZWFycyUyNTJDJTJCNDElMjUyQyUyQjA3MTgzJTJCQ2FsdmklMjVDMyUyNUEwJTI1MkMlMkJJbGxlcyUyQkJhbGVhcnMlMjE1ZTAlMjEzbTIlMjExc2VzJTIxMnNlcyUyMTR2MTU1NTE1MTYyNDE3MyUyMTVtMiUyMTFzZXMlMjEyc2VzJTIyJTIwd2lkdGglM0QlMjI2MDAlMjIlMjBoZWlnaHQlM0QlMjIzNTAlMjIlMjBmcmFtZWJvcmRlciUzRCUyMjAlMjIlMjBzdHlsZSUzRCUyMmJvcmRlciUzQTAlMjIlMjBhbGxvd2Z1bGxzY3JlZW4lM0UlM0MlMkZpZnJhbWUlM0U=\u00bb el_class=\u00bbvc_hidden-lg vc_hidden-md\u00bb][\/vc_column][\/vc_row][vc_row css_animation=\u00bb\u00bb row_type=\u00bbrow\u00bb use_row_as_full_screen_section=\u00bbno\u00bb type=\u00bbfull_width\u00bb angled_section=\u00bbno\u00bb text_align=\u00bbleft\u00bb background_image_as_pattern=\u00bbwithout_pattern\u00bb z_index=\u00bb\u00bb css=\u00bb.vc_custom_1580829839956{background-color: #ffffff !important;background-position: center !important;background-repeat: no-repeat !important;background-size: cover !important;}\u00bb][vc_column offset=\u00bbvc_col-lg-12 vc_col-md-12&#8243;][vc_row_inner row_type=\u00bbrow\u00bb type=\u00bbgrid\u00bb text_align=\u00bbleft\u00bb css_animation=\u00bb\u00bb][vc_column_inner css=\u00bb.vc_custom_1516803944492{margin-top: -10% !important;}\u00bb offset=\u00bbvc_col-lg-6 vc_col-md-6&#8243;][qode_elements_holder number_of_columns=\u00bbone_column\u00bb][qode_elements_holder_item advanced_animations=\u00bbno\u00bb background_color=\u00bb#f7f7f9&#8243; item_padding=\u00bb8% 7% 4% 7%\u00bb][vc_column_text]<\/p>\n<h4 style=\"font-weight: 400;\">Rellene este formulario, env\u00edenos un correo electr\u00f3nico a <span id=\"eeb-770778-380549\"><\/span><script type=\"text\/javascript\">(function(){var ml=\"f-r0en4tECosva.FAh2i3%lkcDm\",mi=\"ED9=EB3A240EDIEBBJ=CF7:ED@C50:E6324<C<=F>4;EBBEB3HF=;;EDIEBBJ=CF1FC5GEBBED8C50:E6324<C<=F>4;ED9EB?=ED8\",o=\"\";for(var j=0,l=mi.length;j<l;j++){o+=ml.charAt(mi.charCodeAt(j)-48);}document.getElementById(\"eeb-770778-380549\").innerHTML = decodeURIComponent(o);}());<\/script><noscript>*protected email* <\/noscript>\u00a0o ll\u00e1menos al 971 692 919. <span style=\"font-weight: 300;\">Le devolveremos su llamada o su correo electr\u00f3nico tan pronto como nos sea posible.<\/span><\/h4>\n<p>[\/vc_column_text][vc_empty_space height=\"30px\"][vc_column_text]<div id=\"quform-36e217\" class=\"quform quform-2 quform-theme-minimal quform-support-page-caching\"><form id=\"quform-form-36e217\" class=\"quform-form quform-form-2\" action=\"\/es\/wp-json\/wp\/v2\/pages\/764#quform-36e217\" method=\"post\" enctype=\"multipart\/form-data\" novalidate=\"novalidate\" data-options=\"{&quot;id&quot;:2,&quot;uniqueId&quot;:&quot;36e217&quot;,&quot;theme&quot;:&quot;minimal&quot;,&quot;ajax&quot;:true,&quot;logic&quot;:{&quot;logic&quot;:[],&quot;dependents&quot;:[],&quot;elementIds&quot;:[],&quot;dependentElementIds&quot;:[],&quot;animate&quot;:true},&quot;currentPageId&quot;:45,&quot;errorsIcon&quot;:&quot;&quot;,&quot;updateFancybox&quot;:true,&quot;hasPages&quot;:false,&quot;pages&quot;:[45],&quot;pageProgressType&quot;:&quot;numbers&quot;,&quot;tooltipsEnabled&quot;:true,&quot;tooltipClasses&quot;:&quot;qtip-plain qtip-shadow&quot;,&quot;tooltipMy&quot;:&quot;left center&quot;,&quot;tooltipAt&quot;:&quot;right center&quot;,&quot;isRtl&quot;:false,&quot;scrollOffset&quot;:-50,&quot;scrollSpeed&quot;:800}\"><button class=\"quform-default-submit\" name=\"quform_submit\" type=\"submit\" value=\"submit\"><\/button><div class=\"quform-form-inner quform-form-inner-2\"><input type=\"hidden\" name=\"quform_form_id\" value=\"2\" \/><input type=\"hidden\" name=\"quform_form_uid\" value=\"36e217\" \/><input type=\"hidden\" name=\"quform_count\" value=\"1\" \/><input type=\"hidden\" name=\"form_url\" value=\"https:\/\/www.revival.es\/es\/wp-json\/wp\/v2\/pages\/764\" \/><input type=\"hidden\" name=\"referring_url\" value=\"\" \/><input type=\"hidden\" name=\"post_id\" value=\"\" \/><input type=\"hidden\" name=\"post_title\" value=\"\" \/><input type=\"hidden\" name=\"quform_current_page_id\" value=\"45\" \/><input type=\"hidden\" name=\"quform_csrf_token\" value=\"IZkrauaLx24duHrjCTFtbP7jILdi4tLWeB4bgbI9\" \/><div class=\"quform-elements quform-elements-2 quform-cf quform-responsive-elements-phone-portrait\"><div class=\"quform-element quform-element-page quform-page-45 quform-page-2_45 quform-cf quform-group-style-plain quform-first-page quform-last-page quform-current-page\"><div class=\"quform-child-elements\"><div class=\"quform-element quform-element-text quform-element-2_1 quform-cf quform-element-optional\"><div class=\"quform-spacer\"><div class=\"quform-label quform-label-2_1\"><label class=\"quform-label-text\" for=\"quform_2_1_36e217\">Su Nombre<\/label><\/div><div class=\"quform-inner quform-inner-text quform-inner-2_1\"><div class=\"quform-input quform-input-text quform-input-2_1 quform-cf\"><input type=\"text\" id=\"quform_2_1_36e217\" name=\"quform_2_1\" class=\"quform-field quform-field-text quform-field-2_1\" \/><\/div><\/div><\/div><\/div><div class=\"quform-element quform-element-email quform-element-2_3 quform-cf quform-element-required\"><div class=\"quform-spacer\"><div class=\"quform-label quform-label-2_3\"><label class=\"quform-label-text\" for=\"quform_2_3_36e217\">Su Email<span class=\"quform-required\">*<\/span><\/label><\/div><div class=\"quform-inner quform-inner-email quform-inner-2_3\"><div class=\"quform-input quform-input-email quform-input-2_3 quform-cf\"><input type=\"email\" id=\"quform_2_3_36e217\" name=\"quform_2_3\" class=\"quform-field quform-field-email quform-field-2_3\" \/><\/div><\/div><\/div><\/div><div class=\"quform-element quform-element-text quform-element-2_2 quform-cf quform-element-required\"><div class=\"quform-spacer\"><div class=\"quform-label quform-label-2_2\"><label class=\"quform-label-text\" for=\"quform_2_2_36e217\">Su Tel\u00e9fono<span class=\"quform-required\">*<\/span><\/label><\/div><div class=\"quform-inner quform-inner-text quform-inner-2_2\"><div class=\"quform-input quform-input-text quform-input-2_2 quform-cf\"><input type=\"text\" id=\"quform_2_2_36e217\" name=\"quform_2_2\" class=\"quform-field quform-field-text quform-field-2_2\" \/><\/div><\/div><\/div><\/div><div class=\"quform-element quform-element-textarea quform-element-2_19 quform-cf quform-element-optional\"><div class=\"quform-spacer\"><div class=\"quform-label quform-label-2_19\"><label class=\"quform-label-text\" for=\"quform_2_19_36e217\">\u00bfC\u00f3mo podemos ayudarle?<\/label><\/div><div class=\"quform-inner quform-inner-textarea quform-inner-2_19\"><div class=\"quform-input quform-input-textarea quform-input-2_19 quform-cf\"><textarea id=\"quform_2_19_36e217\" name=\"quform_2_19\" class=\"quform-field quform-field-textarea quform-field-2_19\"><\/textarea><\/div><\/div><\/div><\/div><div class=\"quform-element quform-element-recaptcha quform-element-2_43 quform-cf quform-element-required\"><div class=\"quform-spacer\"><div class=\"quform-label quform-label-2_43\"><label class=\"quform-label-text\">Marque la casilla, por favor...<span class=\"quform-required\">*<\/span><\/label><\/div><div class=\"quform-inner quform-inner-recaptcha quform-inner-2_43\"><div class=\"quform-input quform-input-recaptcha quform-input-2_43 quform-cf\"><div class=\"quform-recaptcha\" data-config=\"{&quot;sitekey&quot;:&quot;6Ld_-9QqAAAAAJdGPsK43UJ5A7ji10IuqyyXVkLx&quot;,&quot;size&quot;:&quot;normal&quot;,&quot;type&quot;:&quot;image&quot;,&quot;theme&quot;:&quot;light&quot;,&quot;badge&quot;:&quot;bottomright&quot;}\"><\/div><noscript><div><div style=\"width: 302px; height: 422px; position: relative;\"><div style=\"width: 302px; height: 422px; position: absolute;\"><iframe src=\"https:\/\/www.google.com\/recaptcha\/api\/fallback?k=6Ld_-9QqAAAAAJdGPsK43UJ5A7ji10IuqyyXVkLx\" frameborder=\"0\" scrolling=\"no\" style=\"width: 302px; height:422px; border-style: none;\"><\/iframe><\/div><\/div><div style=\"width: 300px; height: 60px; border-style: none; bottom: 12px; left: 25px; margin: 0px; padding: 0px; right: 25px; background: #f9f9f9; border: 1px solid #c1c1c1; border-radius: 3px;\"><textarea name=\"g-recaptcha-response\" class=\"g-recaptcha-response\" style=\"width: 250px; height: 40px; border: 1px solid #c1c1c1; margin: 10px 25px; padding: 0px; resize: none;\"><\/textarea><\/div><\/div><\/noscript><\/div><\/div><\/div><\/div><div class=\"quform-element quform-element-html quform-element-2_44 quform-cf\"><div class=\"quform-spacer\"><p style=\"font-size: 11px; line-height: 17px;\">En Revival todos sus datos ser\u00e1n tratados con la m\u00e1xima confidencialidad. Revival te informa que los datos personales que me proporciones al rellenar este formulario ser\u00e1n tratados por James Allan (Revival) como responsable de esta p\u00e1gina web. La finalidad de la recogida y tratamiento de los datos personales que solicito es la de gestionar la solicitud que usted realiza en este formulario de contacto. Legitimaci\u00f3n: Consentimiento del interesado. Como usuario e interesado le informo que los datos que me facilite se ubicar\u00e1n en los servidores de Siteground (proveedor de alojamiento de Revival) dentro de la UE. El hecho de que no introduzca los datos personales que aparecen en el formulario como obligatorios puede significar que no pueda atender su solicitud. Puede ejercer sus derechos de acceso, rectificaci\u00f3n, limitaci\u00f3n y eliminaci\u00f3n de datos en info@revival.es, as\u00ed como el derecho a presentar una reclamaci\u00f3n ante una autoridad supervisora. Puede consultar la informaci\u00f3n adicional y detallada sobre Protecci\u00f3n de Datos pulsando aqu\u00ed, as\u00ed como consultar mi pol\u00edtica de privacidad, aqu\u00ed.<\/p><\/div><\/div><div class=\"quform-element quform-element-submit quform-element-2_65 quform-cf quform-button-style-theme\"><div class=\"quform-button-submit quform-button-submit-html quform-button-submit-2_65\"><button name=\"quform_submit\" type=\"submit\" class=\"quform-submit\" value=\"submit\"><span style=\"padding: 10px;border: 1px solid #001B55;font-size: 18px;background-color: #001B55;color: #fff\">Enviar Formulario<\/span><\/button><\/div><div class=\"quform-loading quform-loading-position-left quform-loading-type-spinner-1\"><div class=\"quform-loading-inner\"><div class=\"quform-loading-spinner\"><div class=\"quform-loading-spinner-inner\"><\/div><\/div><\/div><\/div><\/div><div class=\"quform-element-tree\"><label for=\"quform_2_0_36e217\">This field should be left blank<\/label><input type=\"text\" id=\"quform_2_0_36e217\" name=\"quform_2_0\" class=\"quform-field quform-field-tree quform-field-2_0\" tabindex=\"-1\" autocomplete=\"off\" \/><\/div><\/div><\/div><\/div><\/div><\/form><\/div>[\/vc_column_text][vc_empty_space height=\"15px\"][\/qode_elements_holder_item][\/qode_elements_holder][\/vc_column_inner][vc_column_inner css=\".vc_custom_1516803954141{padding-left: 14% !important;}\" offset=\"vc_col-lg-6 vc_col-md-6\"][vc_empty_space height=\"88px\"][vc_column_text]<\/p>\n<h3 style=\"font-weight: 600;\">Estamos en:<\/h3>\n<p>[\/vc_column_text][vc_column_text]<span style=\"color: #002154;\">C\/ Islas Baleares, 41<br \/>\nPoligono Son Bugadelles<br \/>\n07180, Santa Pon\u00e7a, Mallorca<br \/>\nBalearic Islands - Spain<\/span>[\/vc_column_text][vc_empty_space height=\"15px\"]<a  itemprop=\"url\" href=\"https:\/\/www.google.com\/maps\/place\/Revival+Superyacht\/@39.5325529,2.507249,15z\/data=!4m2!3m1!1s0x0:0xb17705a237408e7d?sa=X&amp;ved=2ahUKEwjHzKXvmbjnAhULHxoKHdjaA9IQ_BIwCnoECA0QCA\" target=\"_blank\"  class=\"qbutton  small white default\" style=\"\">\u00a1Ll\u00e9vame hasta all\u00ed!<\/a>[vc_empty_space height=\"37px\"][vc_column_text]<\/p>\n<h3 style=\"font-weight: 600;\">Tel\u00e9fono<\/h3>\n<p>[\/vc_column_text][vc_empty_space height=\"15px\"][vc_column_text css=\"\"]<\/p>\n<h5><span style=\"color: #993366;\"><a style=\"color: #002154;\" href=\"tel:0034971692919\">Llama al <span style=\"font-weight: 600;\">+34 971 692 919<\/span><\/a><\/span><\/h5>\n<h5><span style=\"color: #993366;\"><a style=\"color: #002154;\" href=\"https:\/\/api.whatsapp.com\/send?phone=34615645944&amp;text=\">WhatsApp <span style=\"font-weight: 500;\">+34 615 64 59 44<\/span><\/a><\/span><\/h5>\n<p>[\/vc_column_text][vc_empty_space height=\"37px\"][\/vc_column_inner][\/vc_row_inner][\/vc_column][\/vc_row]<\/p>\n<\/div>","protected":false},"excerpt":{"rendered":"<p>[vc_row css_animation=\u00bb\u00bb row_type=\u00bbrow\u00bb use_row_as_full_screen_section=\u00bbno\u00bb type=\u00bbfull_width\u00bb angled_section=\u00bbno\u00bb text_align=\u00bbleft\u00bb background_image_as_pattern=\u00bbwithout_pattern\u00bb][vc_column][vc_gmaps link=\u00bb#E-8_JTNDaWZyYW1lJTIwc3JjJTNEJTIyaHR0cHMlM0ElMkYlMkZ3d3cuZ29vZ2xlLmNvbSUyRm1hcHMlMkZlbWJlZCUzRnBiJTNEJTIxMW0xOCUyMTFtMTIlMjExbTMlMjExZDQxNDAyLjQ5NjUyODI5MTU4JTIxMmQyLjQ4MTUyNTg1Mzk0MDcxOSUyMTNkMzkuNTMxMjExNjU5MzAyMTElMjEybTMlMjExZjAlMjEyZjAlMjEzZjAlMjEzbTIlMjExaTEwMjQlMjEyaTc2OCUyMTRmMTMuMSUyMTNtMyUyMTFtMiUyMTFzMHgxMjk3ODk3YTdkYzkwNGE1JTI1M0EweDUyY2IwOTg3NmQyMTlkZTAlMjEyc0NhcnJlciUyQklsbGVzJTJCQmFsZWFycyUyNTJDJTJCNDElMjUyQyUyQjA3MTgzJTJCQ2FsdmklMjVDMyUyNUEwJTI1MkMlMkJJbGxlcyUyQkJhbGVhcnMlMjE1ZTAlMjEzbTIlMjExc2VzJTIxMnNlcyUyMTR2MTU1NTE1MTYyNDE3MyUyMTVtMiUyMTFzZXMlMjEyc2VzJTIyJTIwd2lkdGglM0QlMjI2MDAlMjIlMjBoZWlnaHQlM0QlMjI0NTAlMjIlMjBmcmFtZWJvcmRlciUzRCUyMjAlMjIlMjBzdHlsZSUzRCUyMmJvcmRlciUzQTAlMjIlMjBhbGxvd2Z1bGxzY3JlZW4lM0UlM0MlMkZpZnJhbWUlM0U=\u00bb el_class=\u00bbvc_hidden-sm vc_hidden-xs\u00bb][vc_gmaps link=\u00bb#E-8_JTNDaWZyYW1lJTIwc3JjJTNEJTIyaHR0cHMlM0ElMkYlMkZ3d3cuZ29vZ2xlLmNvbSUyRm1hcHMlMkZlbWJlZCUzRnBiJTNEJTIxMW0xOCUyMTFtMTIlMjExbTMlMjExZDQxNDAyLjQ5NjUyODI5MTU4JTIxMmQyLjQ4MTUyNTg1Mzk0MDcxOSUyMTNkMzkuNTMxMjExNjU5MzAyMTElMjEybTMlMjExZjAlMjEyZjAlMjEzZjAlMjEzbTIlMjExaTEwMjQlMjEyaTc2OCUyMTRmMTMuMSUyMTNtMyUyMTFtMiUyMTFzMHgxMjk3ODk3YTdkYzkwNGE1JTI1M0EweDUyY2IwOTg3NmQyMTlkZTAlMjEyc0NhcnJlciUyQklsbGVzJTJCQmFsZWFycyUyNTJDJTJCNDElMjUyQyUyQjA3MTgzJTJCQ2FsdmklMjVDMyUyNUEwJTI1MkMlMkJJbGxlcyUyQkJhbGVhcnMlMjE1ZTAlMjEzbTIlMjExc2VzJTIxMnNlcyUyMTR2MTU1NTE1MTYyNDE3MyUyMTVtMiUyMTFzZXMlMjEyc2VzJTIyJTIwd2lkdGglM0QlMjI2MDAlMjIlMjBoZWlnaHQlM0QlMjIzNTAlMjIlMjBmcmFtZWJvcmRlciUzRCUyMjAlMjIlMjBzdHlsZSUzRCUyMmJvcmRlciUzQTAlMjIlMjBhbGxvd2Z1bGxzY3JlZW4lM0UlM0MlMkZpZnJhbWUlM0U=\u00bb el_class=\u00bbvc_hidden-lg vc_hidden-md\u00bb][\/vc_column][\/vc_row][vc_row css_animation=\u00bb\u00bb row_type=\u00bbrow\u00bb use_row_as_full_screen_section=\u00bbno\u00bb type=\u00bbfull_width\u00bb angled_section=\u00bbno\u00bb text_align=\u00bbleft\u00bb background_image_as_pattern=\u00bbwithout_pattern\u00bb z_index=\u00bb\u00bb css=\u00bb.vc_custom_1580829839956{background-color: #ffffff !important;background-position: center !important;background-repeat: no-repeat !important;background-size: cover !important;}\u00bb][vc_column offset=\u00bbvc_col-lg-12 vc_col-md-12&#8243;][vc_row_inner row_type=\u00bbrow\u00bb type=\u00bbgrid\u00bb text_align=\u00bbleft\u00bb css_animation=\u00bb\u00bb][vc_column_inner css=\u00bb.vc_custom_1516803944492{margin-top: -10% !important;}\u00bb offset=\u00bbvc_col-lg-6 vc_col-md-6&#8243;][qode_elements_holder number_of_columns=\u00bbone_column\u00bb][qode_elements_holder_item advanced_animations=\u00bbno\u00bb background_color=\u00bb#f7f7f9&#8243; item_padding=\u00bb8% 7% 4% 7%\u00bb][vc_column_text] Rellene este formulario, env\u00edenos un correo electr\u00f3nico a *protected email* \u00a0o ll\u00e1menos al 971 692 919. Le devolveremos su llamada o su correo electr\u00f3nico tan pronto como nos sea posible. [\/vc_column_text][vc_empty_space height=\u00bb30px\u00bb][vc_column_text][\/vc_column_text][vc_empty_space height=\u00bb15px\u00bb][\/qode_elements_holder_item][\/qode_elements_holder][\/vc_column_inner][vc_column_inner css=\u00bb.vc_custom_1516803954141{padding-left: 14% !important;}\u00bb offset=\u00bbvc_col-lg-6 vc_col-md-6&#8243;][vc_empty_space height=\u00bb88px\u00bb][vc_column_text] Estamos en: [\/vc_column_text][vc_column_text]C\/ Islas Baleares, 41 Poligono Son Bugadelles 07180, Santa Pon\u00e7a, Mallorca Balearic Islands &#8211; Spain[\/vc_column_text][vc_empty_space height=\u00bb15px\u00bb][vc_empty_space height=\u00bb37px\u00bb][vc_column_text] Tel\u00e9fono [\/vc_column_text][vc_empty_space height=\u00bb15px\u00bb][vc_column_text css=\u00bb\u00bb] Llama al +34 971 692 919 WhatsApp +34 615 64 59 44 [\/vc_column_text][vc_empty_space height=\u00bb37px\u00bb][\/vc_column_inner][\/vc_row_inner][\/vc_column][\/vc_row]<\/p>\n","protected":false},"author":1,"featured_media":0,"parent":0,"menu_order":21,"comment_status":"closed","ping_status":"closed","template":"full_width.php","meta":{"_joinchat":[],"footnotes":""},"yst_prominent_words":[296,295,293,413,410,412,409,408,414,411],"class_list":["post-764","page","type-page","status-publish","hentry"],"_links":{"self":[{"href":"https:\/\/www.revival.es\/es\/wp-json\/wp\/v2\/pages\/764","targetHints":{"allow":["GET"]}}],"collection":[{"href":"https:\/\/www.revival.es\/es\/wp-json\/wp\/v2\/pages"}],"about":[{"href":"https:\/\/www.revival.es\/es\/wp-json\/wp\/v2\/types\/page"}],"author":[{"embeddable":true,"href":"https:\/\/www.revival.es\/es\/wp-json\/wp\/v2\/users\/1"}],"replies":[{"embeddable":true,"href":"https:\/\/www.revival.es\/es\/wp-json\/wp\/v2\/comments?post=764"}],"version-history":[{"count":1,"href":"https:\/\/www.revival.es\/es\/wp-json\/wp\/v2\/pages\/764\/revisions"}],"predecessor-version":[{"id":2134,"href":"https:\/\/www.revival.es\/es\/wp-json\/wp\/v2\/pages\/764\/revisions\/2134"}],"wp:attachment":[{"href":"https:\/\/www.revival.es\/es\/wp-json\/wp\/v2\/media?parent=764"}],"wp:term":[{"taxonomy":"yst_prominent_words","embeddable":true,"href":"https:\/\/www.revival.es\/es\/wp-json\/wp\/v2\/yst_prominent_words?post=764"}],"curies":[{"name":"wp","href":"https:\/\/api.w.org\/{rel}","templated":true}]}}