{"id":779,"date":"2019-06-25T09:37:07","date_gmt":"2019-06-25T09:37:07","guid":{"rendered":"https:\/\/www.revival.es\/?page_id=779"},"modified":"2020-10-26T16:19:38","modified_gmt":"2020-10-26T16:19:38","slug":"servicios","status":"publish","type":"page","link":"https:\/\/www.revival.es\/es\/servicios\/","title":{"rendered":"Servicios"},"content":{"rendered":"<div class=\"wpb-content-wrapper\"><p>[vc_row css_animation=\u00bb\u00bb row_type=\u00bbrow\u00bb use_row_as_full_screen_section=\u00bbno\u00bb type=\u00bbfull_width\u00bb angled_section=\u00bbno\u00bb text_align=\u00bbcenter\u00bb background_image_as_pattern=\u00bbwithout_pattern\u00bb z_index=\u00bb\u00bb][vc_column][qode_elements_holder number_of_columns=\u00bbfour_columns\u00bb switch_to_one_column=\u00bb1000&#8243;][qode_elements_holder_item advanced_animations=\u00bbno\u00bb background_color=\u00bb#ededed\u00bb item_padding=\u00bb15% 10% 15% 10%\u00bb item_padding_1280_1440=\u00bb14% 2% 14% 7%\u00bb item_padding_1024_1280=\u00bb10% 2% 10% 4%\u00bb item_padding_768_1024=\u00bb21% 16%\u00bb item_padding_600_768=\u00bb15% 30% 15% 14%\u00bb item_padding_480_600=\u00bb17% 10% 17% 14%\u00bb item_padding_480=\u00bb17% 10% 17% 14%\u00bb][vc_column_text]<\/p>\n<h4 style=\"font-weight: 300; color: #222222;\">Servicios para<\/h4>\n<p>[\/vc_column_text][vc_column_text]<\/p>\n<h3 style=\"font-weight: bold;\">Superyates<\/h3>\n<p>[\/vc_column_text][vc_empty_space height=\u00bb29px\u00bb][vc_column_text]Con m\u00e1s de 20 a\u00f1os de experiencia, Revival se ha convertido en un referente en el dise\u00f1o de interiores de Superyates en Mallorca y uno de los m\u00e1s importantes de su sector en el mundo.[\/vc_column_text][vc_empty_space height=\u00bb50px\u00bb]<a  itemprop=\"url\" href=\"\/es\/servicios\/servicios-para-superyates\/\" target=\"_self\"  class=\"qbutton  small white default\" style=\"color: #ffffff; font-size: 12px; letter-spacing: 0.5px; border-radius: 0px;-moz-border-radius: 0px;-webkit-border-radius: 0px; \">M\u00e1s informaci\u00f3n<span aria-hidden=\"true\" class=\"qode_icon_font_elegant arrow_triangle-right qode_button_icon_element\" style=\"\" ><\/span><\/a>[\/qode_elements_holder_item][qode_elements_holder_item advanced_animations=\u00bbno\u00bb background_color=\u00bb#ffffff\u00bb item_padding=\u00bb15% 10% 15% 10%\u00bb item_padding_1280_1440=\u00bb14% 2% 14% 7%\u00bb item_padding_1024_1280=\u00bb10% 2% 10% 4%\u00bb item_padding_768_1024=\u00bb21% 16%\u00bb item_padding_600_768=\u00bb15% 30% 15% 14%\u00bb item_padding_480_600=\u00bb17% 10% 17% 14%\u00bb item_padding_480=\u00bb17% 10% 17% 14%\u00bb background_image=\u00bb503&#8243;][\/qode_elements_holder_item][qode_elements_holder_item advanced_animations=\u00bbno\u00bb background_color=\u00bb#ededed\u00bb item_padding=\u00bb15% 10% 15% 10%\u00bb item_padding_1280_1440=\u00bb14% 2% 14% 7%\u00bb item_padding_1024_1280=\u00bb10% 2% 10% 4%\u00bb item_padding_768_1024=\u00bb21% 16%\u00bb item_padding_600_768=\u00bb15% 30% 15% 14%\u00bb item_padding_480_600=\u00bb17% 10% 17% 14%\u00bb item_padding_480=\u00bb17% 10% 17% 14%\u00bb][vc_column_text]<\/p>\n<h4 style=\"font-weight: 300; color: #222222;\">Servicios para<\/h4>\n<p>[\/vc_column_text][vc_column_text]<\/p>\n<h3 style=\"font-weight: bold;\">Yates y veleros<\/h3>\n<p>[\/vc_column_text][vc_empty_space height=\u00bb29px\u00bb][vc_column_text]Revival se ha dedicado a proyectos de dise\u00f1o y fabricaci\u00f3n de interiores y exteriores para embarcaciones a motor y veleros en la industria del crucero de placer desde 1996.[\/vc_column_text][vc_empty_space height=\u00bb50px\u00bb]<a  itemprop=\"url\" href=\"\/es\/servicios\/servicios-para-yates-y-veleros\/\" target=\"_self\"  class=\"qbutton  small white default\" style=\"color: #ffffff; font-size: 12px; letter-spacing: 0.5px; border-radius: 0px;-moz-border-radius: 0px;-webkit-border-radius: 0px; \">M\u00e1s informaci\u00f3n<span aria-hidden=\"true\" class=\"qode_icon_font_elegant arrow_triangle-right qode_button_icon_element\" style=\"\" ><\/span><\/a>[\/qode_elements_holder_item][qode_elements_holder_item advanced_animations=\u00bbno\u00bb background_color=\u00bb#ffffff\u00bb item_padding=\u00bb15% 10% 15% 10%\u00bb item_padding_1280_1440=\u00bb14% 2% 14% 7%\u00bb item_padding_1024_1280=\u00bb10% 2% 10% 4%\u00bb item_padding_768_1024=\u00bb21% 16%\u00bb item_padding_600_768=\u00bb15% 30% 15% 14%\u00bb item_padding_480_600=\u00bb17% 10% 17% 14%\u00bb item_padding_480=\u00bb17% 10% 17% 14%\u00bb background_image=\u00bb505&#8243;][\/qode_elements_holder_item][\/qode_elements_holder][\/vc_column][\/vc_row][vc_row css_animation=\u00bb\u00bb row_type=\u00bbrow\u00bb use_row_as_full_screen_section=\u00bbno\u00bb type=\u00bbfull_width\u00bb angled_section=\u00bbno\u00bb text_align=\u00bbcenter\u00bb background_image_as_pattern=\u00bbwithout_pattern\u00bb z_index=\u00bb\u00bb][vc_column][qode_elements_holder number_of_columns=\u00bbfour_columns\u00bb switch_to_one_column=\u00bb1000&#8243;][qode_elements_holder_item advanced_animations=\u00bbno\u00bb background_image=\u00bb507&#8243; item_padding=\u00bb10% 10% 15% 14%\u00bb item_padding_1280_1440=\u00bb48.7% 0px\u00bb item_padding_1024_1280=\u00bb47% 0px\u00bb item_padding_480_600=\u00bb46% 0px\u00bb item_padding_480=\u00bb46% 0px\u00bb][\/qode_elements_holder_item][qode_elements_holder_item advanced_animations=\u00bbno\u00bb background_color=\u00bb#ededed\u00bb item_padding=\u00bb15% 10% 15% 10%\u00bb item_padding_1280_1440=\u00bb14% 2% 14% 7%\u00bb item_padding_1024_1280=\u00bb10% 2% 10% 4%\u00bb item_padding_768_1024=\u00bb21% 16%\u00bb item_padding_600_768=\u00bb15% 30% 15% 14%\u00bb item_padding_480_600=\u00bb17% 10% 17% 14%\u00bb item_padding_480=\u00bb17% 10% 17% 14%\u00bb][vc_column_text]<\/p>\n<h4 style=\"font-weight: 300; color: #222222;\">Servicios para<\/h4>\n<p>[\/vc_column_text][vc_column_text]<\/p>\n<h3 style=\"font-weight: bold;\">Casas y Villas<\/h3>\n<p>[\/vc_column_text][vc_empty_space height=\u00bb29px\u00bb][vc_column_text]Desde 1996 nos dedicamos al dise\u00f1o especializado de interiores y exteriores para el hogar. Enriquecemos los espacios con tendencias de dise\u00f1o contempor\u00e1neo.[\/vc_column_text][vc_empty_space height=\u00bb50px\u00bb]<a  itemprop=\"url\" href=\"\/es\/servicios\/servicios-para-casas-y-villas\/\" target=\"_self\"  class=\"qbutton  small white default\" style=\"color: #ffffff; font-size: 12px; letter-spacing: 0.5px; border-radius: 0px;-moz-border-radius: 0px;-webkit-border-radius: 0px; \">M\u00e1s informaci\u00f3n<span aria-hidden=\"true\" class=\"qode_icon_font_elegant arrow_triangle-right qode_button_icon_element\" style=\"\" ><\/span><\/a>[\/qode_elements_holder_item][qode_elements_holder_item advanced_animations=\u00bbno\u00bb background_image=\u00bb509&#8243; item_padding=\u00bb10% 10% 15% 14%\u00bb item_padding_1280_1440=\u00bb48.7% 0px\u00bb item_padding_1024_1280=\u00bb47% 0px\u00bb item_padding_480_600=\u00bb46% 0px\u00bb item_padding_480=\u00bb46% 0px\u00bb][\/qode_elements_holder_item][qode_elements_holder_item advanced_animations=\u00bbno\u00bb background_color=\u00bb#ededed\u00bb item_padding=\u00bb15% 10% 15% 10%\u00bb item_padding_1280_1440=\u00bb14% 2% 14% 7%\u00bb item_padding_1024_1280=\u00bb10% 2% 10% 4%\u00bb item_padding_768_1024=\u00bb21% 16%\u00bb item_padding_600_768=\u00bb15% 30% 15% 14%\u00bb item_padding_480_600=\u00bb17% 10% 17% 14%\u00bb item_padding_480=\u00bb17% 10% 17% 14%\u00bb][vc_column_text]<\/p>\n<h4 style=\"font-weight: 300; color: #222222;\">Servicios para<\/h4>\n<p>[\/vc_column_text][vc_column_text]<\/p>\n<h3 style=\"font-weight: bold;\">Coches, aviones, oficinas&#8230;<\/h3>\n<p>[\/vc_column_text][vc_empty_space height=\u00bb29px\u00bb][vc_column_text]Ofrecemos una amplia experiencia en la creaci\u00f3n de espacios armoniosos y en la gesti\u00f3n de proyectos de nuevos interiores y exteriores, incorporando tambi\u00e9n coches, helic\u00f3pteros, aviones, hoteles y oficinas.[\/vc_column_text][vc_empty_space height=\u00bb50px\u00bb]<a  itemprop=\"url\" href=\"\/es\/servicios\/servicios-para-coches-aviones-hoteles-y-oficinas\/\" target=\"_self\"  class=\"qbutton  small white default\" style=\"color: #ffffff; font-size: 12px; letter-spacing: 0.5px; border-radius: 0px;-moz-border-radius: 0px;-webkit-border-radius: 0px; \">M\u00e1s informaci\u00f3n<span aria-hidden=\"true\" class=\"qode_icon_font_elegant arrow_triangle-right qode_button_icon_element\" style=\"\" ><\/span><\/a>[\/qode_elements_holder_item][\/qode_elements_holder][\/vc_column][\/vc_row]<\/p>\n<\/div>","protected":false},"excerpt":{"rendered":"<p>[vc_row css_animation=\u00bb\u00bb row_type=\u00bbrow\u00bb use_row_as_full_screen_section=\u00bbno\u00bb type=\u00bbfull_width\u00bb angled_section=\u00bbno\u00bb text_align=\u00bbcenter\u00bb background_image_as_pattern=\u00bbwithout_pattern\u00bb z_index=\u00bb\u00bb][vc_column][qode_elements_holder number_of_columns=\u00bbfour_columns\u00bb switch_to_one_column=\u00bb1000&#8243;][qode_elements_holder_item advanced_animations=\u00bbno\u00bb background_color=\u00bb#ededed\u00bb item_padding=\u00bb15% 10% 15% 10%\u00bb item_padding_1280_1440=\u00bb14% 2% 14% 7%\u00bb item_padding_1024_1280=\u00bb10% 2% 10% 4%\u00bb item_padding_768_1024=\u00bb21% 16%\u00bb item_padding_600_768=\u00bb15% 30% 15% 14%\u00bb item_padding_480_600=\u00bb17% 10% 17% 14%\u00bb item_padding_480=\u00bb17% 10% 17% 14%\u00bb][vc_column_text] Servicios para [\/vc_column_text][vc_column_text] Superyates [\/vc_column_text][vc_empty_space height=\u00bb29px\u00bb][vc_column_text]Con m\u00e1s de 20 a\u00f1os de experiencia, Revival se ha convertido en un referente en el dise\u00f1o de interiores de Superyates en Mallorca y uno de los m\u00e1s importantes de su sector en el mundo.[\/vc_column_text][vc_empty_space height=\u00bb50px\u00bb][\/qode_elements_holder_item][qode_elements_holder_item advanced_animations=\u00bbno\u00bb background_color=\u00bb#ffffff\u00bb item_padding=\u00bb15% 10% 15% 10%\u00bb item_padding_1280_1440=\u00bb14% 2% 14% 7%\u00bb item_padding_1024_1280=\u00bb10% 2% 10% 4%\u00bb item_padding_768_1024=\u00bb21% 16%\u00bb item_padding_600_768=\u00bb15% 30% 15% 14%\u00bb item_padding_480_600=\u00bb17% 10% 17% 14%\u00bb item_padding_480=\u00bb17% 10% 17% 14%\u00bb background_image=\u00bb503&#8243;][\/qode_elements_holder_item][qode_elements_holder_item advanced_animations=\u00bbno\u00bb background_color=\u00bb#ededed\u00bb item_padding=\u00bb15% 10% 15% 10%\u00bb item_padding_1280_1440=\u00bb14% 2% 14% 7%\u00bb item_padding_1024_1280=\u00bb10% 2% 10% 4%\u00bb item_padding_768_1024=\u00bb21% 16%\u00bb item_padding_600_768=\u00bb15% 30% 15% 14%\u00bb item_padding_480_600=\u00bb17% 10% 17% 14%\u00bb item_padding_480=\u00bb17% 10% 17% 14%\u00bb][vc_column_text] Servicios para [\/vc_column_text][vc_column_text] Yates y veleros [\/vc_column_text][vc_empty_space&#8230;<\/p>\n","protected":false},"author":1,"featured_media":0,"parent":0,"menu_order":23,"comment_status":"closed","ping_status":"closed","template":"full_width.php","meta":{"_joinchat":[],"footnotes":""},"yst_prominent_words":[320,370,361,270,255,260,367,364,362,256,261,372,369,365,269,366,272,363,271,368],"class_list":["post-779","page","type-page","status-publish","hentry"],"_links":{"self":[{"href":"https:\/\/www.revival.es\/es\/wp-json\/wp\/v2\/pages\/779","targetHints":{"allow":["GET"]}}],"collection":[{"href":"https:\/\/www.revival.es\/es\/wp-json\/wp\/v2\/pages"}],"about":[{"href":"https:\/\/www.revival.es\/es\/wp-json\/wp\/v2\/types\/page"}],"author":[{"embeddable":true,"href":"https:\/\/www.revival.es\/es\/wp-json\/wp\/v2\/users\/1"}],"replies":[{"embeddable":true,"href":"https:\/\/www.revival.es\/es\/wp-json\/wp\/v2\/comments?post=779"}],"version-history":[{"count":0,"href":"https:\/\/www.revival.es\/es\/wp-json\/wp\/v2\/pages\/779\/revisions"}],"wp:attachment":[{"href":"https:\/\/www.revival.es\/es\/wp-json\/wp\/v2\/media?parent=779"}],"wp:term":[{"taxonomy":"yst_prominent_words","embeddable":true,"href":"https:\/\/www.revival.es\/es\/wp-json\/wp\/v2\/yst_prominent_words?post=779"}],"curies":[{"name":"wp","href":"https:\/\/api.w.org\/{rel}","templated":true}]}}