{"id":784,"date":"2019-06-25T09:51:19","date_gmt":"2019-06-25T09:51:19","guid":{"rendered":"https:\/\/www.revival.es\/?page_id=784"},"modified":"2024-08-09T09:06:32","modified_gmt":"2024-08-09T09:06:32","slug":"servicios-para-coches-aviones-hoteles-y-oficinas","status":"publish","type":"page","link":"https:\/\/www.revival.es\/es\/servicios\/servicios-para-coches-aviones-hoteles-y-oficinas\/","title":{"rendered":"Coches, aviones, hoteles y oficinas"},"content":{"rendered":"<div class=\"wpb-content-wrapper\"><p>[vc_row css_animation=\u00bb\u00bb row_type=\u00bbrow\u00bb use_row_as_full_screen_section=\u00bbno\u00bb type=\u00bbgrid\u00bb angled_section=\u00bbno\u00bb text_align=\u00bbleft\u00bb background_image_as_pattern=\u00bbwithout_pattern\u00bb z_index=\u00bb\u00bb css=\u00bb.vc_custom_1555169029150{padding-bottom: 40px !important;background-color: #fafafa !important;}\u00bb][vc_column][vc_empty_space height=\u00bb40px\u00bb][vc_column_text]<\/p>\n<h4>Desde 1996, nos especializamos en la creaci\u00f3n de espacios armoniosos y en la gesti\u00f3n de proyectos de nuevos interiores y exteriores que incorporan tambi\u00e9n coches, helic\u00f3pteros, aviones, hoteles y oficinas. Nuestro equipo se especializa en producir un producto final de calidad del que estamos orgullosos.<\/h4>\n<p>[\/vc_column_text][vc_empty_space height=\u00bb70px\u00bb][vc_row_inner row_type=\u00bbrow\u00bb type=\u00bbfull_width\u00bb text_align=\u00bbleft\u00bb css_animation=\u00bb\u00bb][vc_column_inner width=\u00bb1\/3&#8243;]<div class=\"qode-info-card\">\n\t\t\t<div class=\"qode-info-card-image\" style=\"background-color:#fff\">\n\t\t\t<img decoding=\"async\" src=\"https:\/\/www.revival.es\/wp-content\/uploads\/2019\/04\/revival-other-services-cars.jpg\" alt=\"\" \/>\n\t\t<\/div>\n\t\t<div class=\"qode-info-card-text-holder\" style=\"background-color:#fff\">\n\t\t\t\t\t<h4 class=\"qode-info-card-title\" >\n\t\t\t\tCoches\t\t\t<\/h4>\n\t\t\t\t\t\t\t<p class=\"qode-info-card-text\" >\n\t\t\t\tOfrecemos un servicio de tapizado para coches en Mallorca. Nos encargamos de la fabricaci\u00f3n de materiales de interiores y gestionamos la reparaci\u00f3n o retapizaci\u00f3n de asientos, techos, laterales, capotas\u2026\t\t\t<\/p>\n\t\t\t<\/div>\n\t<\/div>[vc_empty_space][\/vc_column_inner][vc_column_inner width=\u00bb1\/3&#8243;]<div class=\"qode-info-card\">\n\t\t\t<div class=\"qode-info-card-image\" style=\"background-color:#fff\">\n\t\t\t<img decoding=\"async\" src=\"https:\/\/www.revival.es\/wp-content\/uploads\/2019\/04\/revival-other-services-planes-helicopters.jpg\" alt=\"\" \/>\n\t\t<\/div>\n\t\t<div class=\"qode-info-card-text-holder\" style=\"background-color:#fff\">\n\t\t\t\t\t<h4 class=\"qode-info-card-title\" >\n\t\t\t\tHelic\u00f3pteros y aviones\t\t\t<\/h4>\n\t\t\t\t\t\t\t<p class=\"qode-info-card-text\" >\n\t\t\t\tGestionamos proyectos de dise\u00f1o de helic\u00f3pteros y aviones. Creamos muebles a medida y confeccionamos decoraci\u00f3n textil con materiales de calidad y acabados inspiradores. Fabricamos moquetas y alfombras para aviones y helic\u00f3pteros con fibras antiest\u00e1ticas.\t\t\t<\/p>\n\t\t\t<\/div>\n\t<\/div>[vc_empty_space][\/vc_column_inner][vc_column_inner width=\u00bb1\/3&#8243;]<div class=\"qode-info-card\">\n\t\t\t<div class=\"qode-info-card-image\" style=\"background-color:#fff\">\n\t\t\t<img decoding=\"async\" src=\"https:\/\/www.revival.es\/wp-content\/uploads\/2019\/04\/revival-other-services-planes-hotels.jpg\" alt=\"\" \/>\n\t\t<\/div>\n\t\t<div class=\"qode-info-card-text-holder\" style=\"background-color:#fff\">\n\t\t\t\t\t<h4 class=\"qode-info-card-title\" >\n\t\t\t\tHoteles\t\t\t<\/h4>\n\t\t\t\t\t\t\t<p class=\"qode-info-card-text\" >\n\t\t\t\tAcondicionamos espacios de interior y exterior para hoteles. Elaboramos a medida muebles y fabricamos tejidos de m\u00e1xima calidad como cortinas, estores, ropa de cama, cojines, toallas, bordados\u2026 Fundas y toldos con materiales especiales para la protecci\u00f3n de rayos solares.\t\t\t<\/p>\n\t\t\t<\/div>\n\t<\/div>[vc_empty_space][\/vc_column_inner][\/vc_row_inner][vc_row_inner row_type=\u00bbrow\u00bb type=\u00bbfull_width\u00bb text_align=\u00bbleft\u00bb css_animation=\u00bb\u00bb css=\u00bb.vc_custom_1555168887344{padding-top: 30px !important;}\u00bb][vc_column_inner width=\u00bb1\/3&#8243;]<div class=\"qode-info-card\">\n\t\t\t<div class=\"qode-info-card-image\" style=\"background-color:#fff\">\n\t\t\t<img decoding=\"async\" src=\"https:\/\/www.revival.es\/wp-content\/uploads\/2019\/04\/revival-other-services-planes-offices.jpg\" alt=\"\" \/>\n\t\t<\/div>\n\t\t<div class=\"qode-info-card-text-holder\" style=\"background-color:#fff\">\n\t\t\t\t\t<h4 class=\"qode-info-card-title\" >\n\t\t\t\tOficinas\t\t\t<\/h4>\n\t\t\t\t\t\t\t<p class=\"qode-info-card-text\" >\n\t\t\t\tCon nuestra amplia gama de telas y estilos para muebles podemos ofrecer un servicios completo de fabricaci\u00f3n, reparaci\u00f3n, mantenimiento y reconstrucci\u00f3n del interior o exterior de su oficina.\t\t\t<\/p>\n\t\t\t<\/div>\n\t<\/div>[vc_empty_space][\/vc_column_inner][vc_column_inner width=\u00bb1\/3&#8243;][\/vc_column_inner][\/vc_row_inner][\/vc_column][\/vc_row]<\/p>\n<\/div>","protected":false},"excerpt":{"rendered":"<p>[vc_row css_animation=\u00bb\u00bb row_type=\u00bbrow\u00bb use_row_as_full_screen_section=\u00bbno\u00bb type=\u00bbgrid\u00bb angled_section=\u00bbno\u00bb text_align=\u00bbleft\u00bb background_image_as_pattern=\u00bbwithout_pattern\u00bb z_index=\u00bb\u00bb css=\u00bb.vc_custom_1555169029150{padding-bottom: 40px !important;background-color: #fafafa !important;}\u00bb][vc_column][vc_empty_space height=\u00bb40px\u00bb][vc_column_text] Desde 1996, nos especializamos en la creaci\u00f3n de espacios armoniosos y en la gesti\u00f3n de proyectos de nuevos interiores y exteriores que incorporan tambi\u00e9n coches, helic\u00f3pteros, aviones, hoteles y oficinas. Nuestro equipo se especializa en producir un producto final de calidad del que estamos orgullosos. [\/vc_column_text][vc_empty_space height=\u00bb70px\u00bb][vc_row_inner row_type=\u00bbrow\u00bb type=\u00bbfull_width\u00bb text_align=\u00bbleft\u00bb css_animation=\u00bb\u00bb][vc_column_inner width=\u00bb1\/3&#8243;][vc_empty_space][\/vc_column_inner][vc_column_inner width=\u00bb1\/3&#8243;][vc_empty_space][\/vc_column_inner][vc_column_inner width=\u00bb1\/3&#8243;][vc_empty_space][\/vc_column_inner][\/vc_row_inner][vc_row_inner row_type=\u00bbrow\u00bb type=\u00bbfull_width\u00bb text_align=\u00bbleft\u00bb css_animation=\u00bb\u00bb css=\u00bb.vc_custom_1555168887344{padding-top: 30px !important;}\u00bb][vc_column_inner width=\u00bb1\/3&#8243;][vc_empty_space][\/vc_column_inner][vc_column_inner width=\u00bb1\/3&#8243;][\/vc_column_inner][\/vc_row_inner][\/vc_column][\/vc_row]<\/p>\n","protected":false},"author":1,"featured_media":0,"parent":779,"menu_order":30,"comment_status":"closed","ping_status":"closed","template":"full_width.php","meta":{"_joinchat":[],"footnotes":""},"yst_prominent_words":[320,319,364,362,369],"class_list":["post-784","page","type-page","status-publish","hentry"],"_links":{"self":[{"href":"https:\/\/www.revival.es\/es\/wp-json\/wp\/v2\/pages\/784","targetHints":{"allow":["GET"]}}],"collection":[{"href":"https:\/\/www.revival.es\/es\/wp-json\/wp\/v2\/pages"}],"about":[{"href":"https:\/\/www.revival.es\/es\/wp-json\/wp\/v2\/types\/page"}],"author":[{"embeddable":true,"href":"https:\/\/www.revival.es\/es\/wp-json\/wp\/v2\/users\/1"}],"replies":[{"embeddable":true,"href":"https:\/\/www.revival.es\/es\/wp-json\/wp\/v2\/comments?post=784"}],"version-history":[{"count":1,"href":"https:\/\/www.revival.es\/es\/wp-json\/wp\/v2\/pages\/784\/revisions"}],"predecessor-version":[{"id":2025,"href":"https:\/\/www.revival.es\/es\/wp-json\/wp\/v2\/pages\/784\/revisions\/2025"}],"up":[{"embeddable":true,"href":"https:\/\/www.revival.es\/es\/wp-json\/wp\/v2\/pages\/779"}],"wp:attachment":[{"href":"https:\/\/www.revival.es\/es\/wp-json\/wp\/v2\/media?parent=784"}],"wp:term":[{"taxonomy":"yst_prominent_words","embeddable":true,"href":"https:\/\/www.revival.es\/es\/wp-json\/wp\/v2\/yst_prominent_words?post=784"}],"curies":[{"name":"wp","href":"https:\/\/api.w.org\/{rel}","templated":true}]}}